{"id":601,"date":"2022-11-18T10:50:46","date_gmt":"2022-11-18T10:50:46","guid":{"rendered":"https:\/\/endodent.hu\/?page_id=601"},"modified":"2022-11-18T10:54:01","modified_gmt":"2022-11-18T10:54:01","slug":"tovabbkepzesek","status":"publish","type":"page","link":"https:\/\/endodent.hu\/en\/tovabbkepzesek\/","title":{"rendered":"Further training"},"content":{"rendered":"<div data-elementor-type=\"wp-page\" data-elementor-id=\"601\" class=\"elementor elementor-601\" data-elementor-post-type=\"page\">\n\t\t\t\t\t\t<section class=\"elementor-section elementor-top-section elementor-element elementor-element-c921842 elementor-section-boxed elementor-section-height-default elementor-section-height-default\" data-id=\"c921842\" data-element_type=\"section\">\n\t\t\t\t\t\t<div class=\"elementor-container elementor-column-gap-default\">\n\t\t\t\t\t<div class=\"elementor-column elementor-col-100 elementor-top-column elementor-element elementor-element-994f7b8\" data-id=\"994f7b8\" data-element_type=\"column\">\n\t\t\t<div class=\"elementor-widget-wrap elementor-element-populated\">\n\t\t\t\t\t\t<div class=\"elementor-element elementor-element-99c6616 elementor-widget elementor-widget-text-editor\" data-id=\"99c6616\" data-element_type=\"widget\" data-widget_type=\"text-editor.default\">\n\t\t\t\t<div class=\"elementor-widget-container\">\n\t\t\t\t\t\t\t\t\t<p>2020-as fogorvoskoll\u00e9g\u00e1knak tartand\u00f3 tanfolyamaink. A kurzusokra val\u00f3 jelentkez\u00e9s a szervez\u0151 c\u00e9gekn\u00e9l lehets\u00e9ges. Szeretettel v\u00e1rjuk az \u00e9rdekl\u0151d\u0151ket!<\/p><p><b>2020. 05. 08<\/b><br \/><a href=\"https:\/\/www.endobolt.hu\/Endo-t-Egyszeruen-Eredmenyesen\">https:\/\/www.endobolt.hu\/Endo-t-Egyszeruen-Eredmenyesen<\/a><\/p><p><b>2020. 09. 27.<\/b><br \/><a href=\"https:\/\/www.facebook.com\/events\/realtrade-minden-ami-fog%C3%A1szat\/endo-for-everyone\/693939114402023\">https:\/\/www.facebook.com\/events\/realtrade-minden-ami-fog\u00e1szat\/endo-for-everyone\/693939114402023<\/a><\/p><p><b>2020. 10. 10.<\/b><br \/><a href=\"https:\/\/www.endobolt.hu\/2020-10-10-Endo-Easy-Efficient-Dental-World\">https:\/\/www.endobolt.hu\/2020-10-10-Endo-Easy-Efficient-Dental-World<\/a><\/p>\t\t\t\t\t\t\t\t<\/div>\n\t\t\t\t<\/div>\n\t\t\t\t\t<\/div>\n\t\t<\/div>\n\t\t\t\t\t<\/div>\n\t\t<\/section>\n\t\t\t\t<section class=\"elementor-section elementor-top-section elementor-element elementor-element-0a8559f elementor-section-boxed elementor-section-height-default elementor-section-height-default\" data-id=\"0a8559f\" data-element_type=\"section\">\n\t\t\t\t\t\t<div class=\"elementor-container elementor-column-gap-default\">\n\t\t\t\t\t<div class=\"elementor-column elementor-col-100 elementor-top-column elementor-element elementor-element-8db08db\" data-id=\"8db08db\" data-element_type=\"column\">\n\t\t\t<div class=\"elementor-widget-wrap elementor-element-populated\">\n\t\t\t\t\t\t<div class=\"elementor-element elementor-element-d132659 elementor-widget elementor-widget-image\" data-id=\"d132659\" data-element_type=\"widget\" data-widget_type=\"image.default\">\n\t\t\t\t<div class=\"elementor-widget-container\">\n\t\t\t\t\t\t\t\t\t\t\t\t\t\t\t<img fetchpriority=\"high\" decoding=\"async\" width=\"619\" height=\"221\" src=\"https:\/\/endodent.hu\/wp-content\/uploads\/2022\/11\/endodent_tanfolyamok.png\" class=\"attachment-large size-large wp-image-606\" alt=\"\" srcset=\"https:\/\/endodent.hu\/wp-content\/uploads\/2022\/11\/endodent_tanfolyamok.png 619w, https:\/\/endodent.hu\/wp-content\/uploads\/2022\/11\/endodent_tanfolyamok-300x107.png 300w, https:\/\/endodent.hu\/wp-content\/uploads\/2022\/11\/endodent_tanfolyamok-18x6.png 18w\" sizes=\"(max-width: 619px) 100vw, 619px\" \/>\t\t\t\t\t\t\t\t\t\t\t\t\t\t\t<\/div>\n\t\t\t\t<\/div>\n\t\t\t\t\t<\/div>\n\t\t<\/div>\n\t\t\t\t\t<\/div>\n\t\t<\/section>\n\t\t\t\t<\/div>","protected":false},"excerpt":{"rendered":"<p>2020-as fogorvoskoll\u00e9g\u00e1knak tartand\u00f3 tanfolyamaink. A kurzusokra val\u00f3 jelentkez\u00e9s a szervez\u0151 c\u00e9gekn\u00e9l lehets\u00e9ges. Szeretettel v\u00e1rjuk az \u00e9rdekl\u0151d\u0151ket! 2020. 05. 08https:\/\/www.endobolt.hu\/Endo-t-Egyszeruen-Eredmenyesen 2020. 09. 27.https:\/\/www.facebook.com\/events\/realtrade-minden-ami-fog\u00e1szat\/endo-for-everyone\/693939114402023 2020. 10. 10.https:\/\/www.endobolt.hu\/2020-10-10-Endo-Easy-Efficient-Dental-World<\/p>","protected":false},"author":1,"featured_media":0,"parent":0,"menu_order":0,"comment_status":"closed","ping_status":"closed","template":"","meta":{"footnotes":""},"class_list":["post-601","page","type-page","status-publish","hentry"],"yoast_head":"<!-- This site is optimized with the Yoast SEO Premium plugin v26.8 (Yoast SEO v26.8) - https:\/\/yoast.com\/product\/yoast-seo-premium-wordpress\/ -->\n<title>Tov\u00e1bbk\u00e9pz\u00e9sek - Endodent Hungary fogorvosi rendel\u0151<\/title>\n<meta name=\"robots\" content=\"index, follow, max-snippet:-1, max-image-preview:large, max-video-preview:-1\" \/>\n<link rel=\"canonical\" href=\"https:\/\/endodent.hu\/en\/tovabbkepzesek\/\" \/>\n<meta property=\"og:locale\" content=\"en_GB\" \/>\n<meta property=\"og:type\" content=\"article\" \/>\n<meta property=\"og:title\" content=\"Tov\u00e1bbk\u00e9pz\u00e9sek\" \/>\n<meta property=\"og:description\" content=\"2020-as fogorvoskoll\u00e9g\u00e1knak tartand\u00f3 tanfolyamaink. A kurzusokra val\u00f3 jelentkez\u00e9s a szervez\u0151 c\u00e9gekn\u00e9l lehets\u00e9ges. Szeretettel v\u00e1rjuk az \u00e9rdekl\u0151d\u0151ket! 2020. 05. 08https:\/\/www.endobolt.hu\/Endo-t-Egyszeruen-Eredmenyesen 2020. 09. 27.https:\/\/www.facebook.com\/events\/realtrade-minden-ami-fog\u00e1szat\/endo-for-everyone\/693939114402023 2020. 10. 10.https:\/\/www.endobolt.hu\/2020-10-10-Endo-Easy-Efficient-Dental-World\" \/>\n<meta property=\"og:url\" content=\"https:\/\/endodent.hu\/en\/tovabbkepzesek\/\" \/>\n<meta property=\"og:site_name\" content=\"Endodent Hungary fogorvosi rendel\u0151\" \/>\n<meta property=\"article:publisher\" content=\"https:\/\/www.facebook.com\/EndodentHungary\" \/>\n<meta property=\"article:modified_time\" content=\"2022-11-18T10:54:01+00:00\" \/>\n<meta property=\"og:image\" content=\"https:\/\/endodent.hu\/wp-content\/uploads\/2022\/11\/endodent_tanfolyamok.png\" \/>\n<meta name=\"twitter:card\" content=\"summary_large_image\" \/>\n<script type=\"application\/ld+json\" class=\"yoast-schema-graph\">{\"@context\":\"https:\/\/schema.org\",\"@graph\":[{\"@type\":\"WebPage\",\"@id\":\"https:\/\/endodent.hu\/en\/tovabbkepzesek\/\",\"url\":\"https:\/\/endodent.hu\/en\/tovabbkepzesek\/\",\"name\":\"Tov\u00e1bbk\u00e9pz\u00e9sek - Endodent Hungary fogorvosi rendel\u0151\",\"isPartOf\":{\"@id\":\"https:\/\/endodent.hu\/#website\"},\"primaryImageOfPage\":{\"@id\":\"https:\/\/endodent.hu\/en\/tovabbkepzesek\/#primaryimage\"},\"image\":{\"@id\":\"https:\/\/endodent.hu\/en\/tovabbkepzesek\/#primaryimage\"},\"thumbnailUrl\":\"https:\/\/endodent.hu\/wp-content\/uploads\/2022\/11\/endodent_tanfolyamok.png\",\"datePublished\":\"2022-11-18T10:50:46+00:00\",\"dateModified\":\"2022-11-18T10:54:01+00:00\",\"breadcrumb\":{\"@id\":\"https:\/\/endodent.hu\/en\/tovabbkepzesek\/#breadcrumb\"},\"inLanguage\":\"en-GB\",\"potentialAction\":[{\"@type\":\"ReadAction\",\"target\":[\"https:\/\/endodent.hu\/en\/tovabbkepzesek\/\"]}]},{\"@type\":\"ImageObject\",\"inLanguage\":\"en-GB\",\"@id\":\"https:\/\/endodent.hu\/en\/tovabbkepzesek\/#primaryimage\",\"url\":\"https:\/\/endodent.hu\/wp-content\/uploads\/2022\/11\/endodent_tanfolyamok.png\",\"contentUrl\":\"https:\/\/endodent.hu\/wp-content\/uploads\/2022\/11\/endodent_tanfolyamok.png\"},{\"@type\":\"BreadcrumbList\",\"@id\":\"https:\/\/endodent.hu\/en\/tovabbkepzesek\/#breadcrumb\",\"itemListElement\":[{\"@type\":\"ListItem\",\"position\":1,\"name\":\"Home\",\"item\":\"https:\/\/endodent.hu\/\"},{\"@type\":\"ListItem\",\"position\":2,\"name\":\"Tov\u00e1bbk\u00e9pz\u00e9sek\"}]},{\"@type\":\"WebSite\",\"@id\":\"https:\/\/endodent.hu\/#website\",\"url\":\"https:\/\/endodent.hu\/\",\"name\":\"Endodent Hungary fogorvosi rendel\u0151\",\"description\":\"Prec\u00edz, min\u0151s\u00e9gi, de megfizethet\u0151 kezel\u00e9st szeretne, profikt\u00f3l!\",\"publisher\":{\"@id\":\"https:\/\/endodent.hu\/#organization\"},\"potentialAction\":[{\"@type\":\"SearchAction\",\"target\":{\"@type\":\"EntryPoint\",\"urlTemplate\":\"https:\/\/endodent.hu\/?s={search_term_string}\"},\"query-input\":{\"@type\":\"PropertyValueSpecification\",\"valueRequired\":true,\"valueName\":\"search_term_string\"}}],\"inLanguage\":\"en-GB\"},{\"@type\":\"Organization\",\"@id\":\"https:\/\/endodent.hu\/#organization\",\"name\":\"Endodent Hungary fogorvosi rendel\u0151\",\"url\":\"https:\/\/endodent.hu\/\",\"logo\":{\"@type\":\"ImageObject\",\"inLanguage\":\"en-GB\",\"@id\":\"https:\/\/endodent.hu\/#\/schema\/logo\/image\/\",\"url\":\"https:\/\/endodent.hu\/wp-content\/uploads\/2022\/09\/logo.jpeg\",\"contentUrl\":\"https:\/\/endodent.hu\/wp-content\/uploads\/2022\/09\/logo.jpeg\",\"width\":420,\"height\":102,\"caption\":\"Endodent Hungary fogorvosi rendel\u0151\"},\"image\":{\"@id\":\"https:\/\/endodent.hu\/#\/schema\/logo\/image\/\"},\"sameAs\":[\"https:\/\/www.facebook.com\/EndodentHungary\"]}]}<\/script>\n<!-- \/ Yoast SEO Premium plugin. -->","yoast_head_json":{"title":"Tov\u00e1bbk\u00e9pz\u00e9sek - Endodent Hungary fogorvosi rendel\u0151","robots":{"index":"index","follow":"follow","max-snippet":"max-snippet:-1","max-image-preview":"max-image-preview:large","max-video-preview":"max-video-preview:-1"},"canonical":"https:\/\/endodent.hu\/en\/tovabbkepzesek\/","og_locale":"en_GB","og_type":"article","og_title":"Tov\u00e1bbk\u00e9pz\u00e9sek","og_description":"2020-as fogorvoskoll\u00e9g\u00e1knak tartand\u00f3 tanfolyamaink. A kurzusokra val\u00f3 jelentkez\u00e9s a szervez\u0151 c\u00e9gekn\u00e9l lehets\u00e9ges. Szeretettel v\u00e1rjuk az \u00e9rdekl\u0151d\u0151ket! 2020. 05. 08https:\/\/www.endobolt.hu\/Endo-t-Egyszeruen-Eredmenyesen 2020. 09. 27.https:\/\/www.facebook.com\/events\/realtrade-minden-ami-fog\u00e1szat\/endo-for-everyone\/693939114402023 2020. 10. 10.https:\/\/www.endobolt.hu\/2020-10-10-Endo-Easy-Efficient-Dental-World","og_url":"https:\/\/endodent.hu\/en\/tovabbkepzesek\/","og_site_name":"Endodent Hungary fogorvosi rendel\u0151","article_publisher":"https:\/\/www.facebook.com\/EndodentHungary","article_modified_time":"2022-11-18T10:54:01+00:00","og_image":[{"url":"https:\/\/endodent.hu\/wp-content\/uploads\/2022\/11\/endodent_tanfolyamok.png","type":"","width":"","height":""}],"twitter_card":"summary_large_image","schema":{"@context":"https:\/\/schema.org","@graph":[{"@type":"WebPage","@id":"https:\/\/endodent.hu\/en\/tovabbkepzesek\/","url":"https:\/\/endodent.hu\/en\/tovabbkepzesek\/","name":"Tov\u00e1bbk\u00e9pz\u00e9sek - Endodent Hungary fogorvosi rendel\u0151","isPartOf":{"@id":"https:\/\/endodent.hu\/#website"},"primaryImageOfPage":{"@id":"https:\/\/endodent.hu\/en\/tovabbkepzesek\/#primaryimage"},"image":{"@id":"https:\/\/endodent.hu\/en\/tovabbkepzesek\/#primaryimage"},"thumbnailUrl":"https:\/\/endodent.hu\/wp-content\/uploads\/2022\/11\/endodent_tanfolyamok.png","datePublished":"2022-11-18T10:50:46+00:00","dateModified":"2022-11-18T10:54:01+00:00","breadcrumb":{"@id":"https:\/\/endodent.hu\/en\/tovabbkepzesek\/#breadcrumb"},"inLanguage":"en-GB","potentialAction":[{"@type":"ReadAction","target":["https:\/\/endodent.hu\/en\/tovabbkepzesek\/"]}]},{"@type":"ImageObject","inLanguage":"en-GB","@id":"https:\/\/endodent.hu\/en\/tovabbkepzesek\/#primaryimage","url":"https:\/\/endodent.hu\/wp-content\/uploads\/2022\/11\/endodent_tanfolyamok.png","contentUrl":"https:\/\/endodent.hu\/wp-content\/uploads\/2022\/11\/endodent_tanfolyamok.png"},{"@type":"BreadcrumbList","@id":"https:\/\/endodent.hu\/en\/tovabbkepzesek\/#breadcrumb","itemListElement":[{"@type":"ListItem","position":1,"name":"Home","item":"https:\/\/endodent.hu\/"},{"@type":"ListItem","position":2,"name":"Tov\u00e1bbk\u00e9pz\u00e9sek"}]},{"@type":"WebSite","@id":"https:\/\/endodent.hu\/#website","url":"https:\/\/endodent.hu\/","name":"Endodent Hungary fogorvosi rendel\u0151","description":"Prec\u00edz, min\u0151s\u00e9gi, de megfizethet\u0151 kezel\u00e9st szeretne, profikt\u00f3l!","publisher":{"@id":"https:\/\/endodent.hu\/#organization"},"potentialAction":[{"@type":"SearchAction","target":{"@type":"EntryPoint","urlTemplate":"https:\/\/endodent.hu\/?s={search_term_string}"},"query-input":{"@type":"PropertyValueSpecification","valueRequired":true,"valueName":"search_term_string"}}],"inLanguage":"en-GB"},{"@type":"Organization","@id":"https:\/\/endodent.hu\/#organization","name":"Endodent Hungary fogorvosi rendel\u0151","url":"https:\/\/endodent.hu\/","logo":{"@type":"ImageObject","inLanguage":"en-GB","@id":"https:\/\/endodent.hu\/#\/schema\/logo\/image\/","url":"https:\/\/endodent.hu\/wp-content\/uploads\/2022\/09\/logo.jpeg","contentUrl":"https:\/\/endodent.hu\/wp-content\/uploads\/2022\/09\/logo.jpeg","width":420,"height":102,"caption":"Endodent Hungary fogorvosi rendel\u0151"},"image":{"@id":"https:\/\/endodent.hu\/#\/schema\/logo\/image\/"},"sameAs":["https:\/\/www.facebook.com\/EndodentHungary"]}]}},"_links":{"self":[{"href":"https:\/\/endodent.hu\/en\/wp-json\/wp\/v2\/pages\/601","targetHints":{"allow":["GET"]}}],"collection":[{"href":"https:\/\/endodent.hu\/en\/wp-json\/wp\/v2\/pages"}],"about":[{"href":"https:\/\/endodent.hu\/en\/wp-json\/wp\/v2\/types\/page"}],"author":[{"embeddable":true,"href":"https:\/\/endodent.hu\/en\/wp-json\/wp\/v2\/users\/1"}],"replies":[{"embeddable":true,"href":"https:\/\/endodent.hu\/en\/wp-json\/wp\/v2\/comments?post=601"}],"version-history":[{"count":0,"href":"https:\/\/endodent.hu\/en\/wp-json\/wp\/v2\/pages\/601\/revisions"}],"wp:attachment":[{"href":"https:\/\/endodent.hu\/en\/wp-json\/wp\/v2\/media?parent=601"}],"curies":[{"name":"wp","href":"https:\/\/api.w.org\/{rel}","templated":true}]}}