{"id":589,"date":"2022-11-18T10:40:03","date_gmt":"2022-11-18T10:40:03","guid":{"rendered":"https:\/\/endodent.hu\/?page_id=589"},"modified":"2024-01-18T11:23:18","modified_gmt":"2024-01-18T09:23:18","slug":"cbct-3d-rontgendiagnosztika","status":"publish","type":"page","link":"https:\/\/endodent.hu\/en\/cbct-3d-rontgendiagnosztika\/","title":{"rendered":"3D CBCT diagnosis"},"content":{"rendered":"<div data-elementor-type=\"wp-page\" data-elementor-id=\"589\" class=\"elementor elementor-589\" data-elementor-post-type=\"page\">\n\t\t\t\t\t\t<section class=\"elementor-section elementor-top-section elementor-element elementor-element-d9dbcb4 elementor-section-boxed elementor-section-height-default elementor-section-height-default\" data-id=\"d9dbcb4\" data-element_type=\"section\">\n\t\t\t\t\t\t<div class=\"elementor-container elementor-column-gap-default\">\n\t\t\t\t\t<div class=\"elementor-column elementor-col-50 elementor-top-column elementor-element elementor-element-757c93d\" data-id=\"757c93d\" data-element_type=\"column\">\n\t\t\t<div class=\"elementor-widget-wrap elementor-element-populated\">\n\t\t\t\t\t\t<div class=\"elementor-element elementor-element-74b427d elementor-widget elementor-widget-image\" data-id=\"74b427d\" data-element_type=\"widget\" data-widget_type=\"image.default\">\n\t\t\t\t<div class=\"elementor-widget-container\">\n\t\t\t\t\t\t\t\t\t\t\t\t\t\t\t<img fetchpriority=\"high\" decoding=\"async\" width=\"311\" height=\"547\" src=\"https:\/\/endodent.hu\/wp-content\/uploads\/2022\/11\/cbct.png\" class=\"attachment-large size-large wp-image-591\" alt=\"\" srcset=\"https:\/\/endodent.hu\/wp-content\/uploads\/2022\/11\/cbct.png 311w, https:\/\/endodent.hu\/wp-content\/uploads\/2022\/11\/cbct-171x300.png 171w, https:\/\/endodent.hu\/wp-content\/uploads\/2022\/11\/cbct-7x12.png 7w\" sizes=\"(max-width: 311px) 100vw, 311px\" \/>\t\t\t\t\t\t\t\t\t\t\t\t\t\t\t<\/div>\n\t\t\t\t<\/div>\n\t\t\t\t\t<\/div>\n\t\t<\/div>\n\t\t\t\t<div class=\"elementor-column elementor-col-50 elementor-top-column elementor-element elementor-element-70aec77\" data-id=\"70aec77\" data-element_type=\"column\">\n\t\t\t<div class=\"elementor-widget-wrap elementor-element-populated\">\n\t\t\t\t\t\t<div class=\"elementor-element elementor-element-71b20a1 elementor-widget elementor-widget-text-editor\" data-id=\"71b20a1\" data-element_type=\"widget\" data-widget_type=\"text-editor.default\">\n\t\t\t\t<div class=\"elementor-widget-container\">\n\t\t\t\t\t\t\t\t\t<p>2019-ben helyezt\u00fck \u00fczembe rendl\u0151nkben a Mayray c\u00e9g cs\u00facsk\u00e9sz\u00fcl\u00e9k\u00e9t, a\u00a0<b>Hyperion X9 Pro<\/b>-t. Mi\u00e9rt fontos h\u00e1rom dimenzi\u00f3ban l\u00e1tni a fogakat? Nagyban seg\u00edti a pontos diagn\u00f3zis fel\u00e1ll\u00edt\u00e1s\u00e1t, miut\u00e1n 100%-os biztons\u00e1ggal megmutatja, hogy\u00a0<a href=\"https:\/\/endodent.hu\/en\/gyokerkezeles-mikroszkoppal\/\" target=\"_blank\" rel=\"noopener\">hol van gyullad\u00e1s a sz\u00e1j\u00fcregben<\/a>.<br \/>A gy\u00f6k\u00e9rcsatorna-rendszer a\u00a0<b>64 mikronos felbont\u00e1snak k\u00f6sz\u00f6nhet\u0151en<\/b>\u00a0ugyancsak \u00e1tl\u00e1that\u00f3 lesz. Pontosan ki\u00e9rt\u00e9kelhet\u0151, hogy egy csatorn\u00e1ban elz\u00e1r\u00f3d\u00e1s van, vagy bet\u00f6rt m\u0171szer. Meghat\u00e1rozhat\u00f3, hogy egy elz\u00e1r\u00f3d\u00e1son t\u00fal lehet-e jutni, vagy val\u00f3ban \u00e1tl\u00e1thatatlan.<\/p><p>Intraor\u00e1lis kisfelv\u00e9tel | 4.000 HUF<br \/>Digit\u00e1lis panor\u00e1ma r\u00f6ntgen | 9.000 HUF<br \/>CBCT egyfogas felv\u00e9tel | 18.000 HUF<br \/>CBCT kvadr\u00e1ns felv\u00e9tel | 20.000 HUF<br \/>CBCT teljes maxilla-mandibula felv\u00e9tel | 22.000 HUF<br \/>CBCT f\u00fcl-orr-g\u00e9g\u00e9szeti felv\u00e9tel | 20.000 HUF<\/p><p><strong>More information:\u00a0<\/strong><\/p><p>Bejelentkez\u00e9s csak CBCT-re csak szakorvosi beutal\u00f3val lehets\u00e9ges.<\/p>\t\t\t\t\t\t\t\t<\/div>\n\t\t\t\t<\/div>\n\t\t\t\t\t<\/div>\n\t\t<\/div>\n\t\t\t\t\t<\/div>\n\t\t<\/section>\n\t\t\t\t<\/div>","protected":false},"excerpt":{"rendered":"<p>2019-ben helyezt\u00fck \u00fczembe rendl\u0151nkben a Mayray c\u00e9g cs\u00facsk\u00e9sz\u00fcl\u00e9k\u00e9t, a\u00a0Hyperion X9 Pro-t. Mi\u00e9rt fontos h\u00e1rom dimenzi\u00f3ban l\u00e1tni a fogakat? Nagyban seg\u00edti a pontos diagn\u00f3zis fel\u00e1ll\u00edt\u00e1s\u00e1t, miut\u00e1n 100%-os biztons\u00e1ggal megmutatja, hogy\u00a0hol van gyullad\u00e1s a sz\u00e1j\u00fcregben.A gy\u00f6k\u00e9rcsatorna-rendszer a\u00a064 mikronos felbont\u00e1snak k\u00f6sz\u00f6nhet\u0151en\u00a0ugyancsak \u00e1tl\u00e1that\u00f3 lesz. Pontosan ki\u00e9rt\u00e9kelhet\u0151, hogy egy csatorn\u00e1ban elz\u00e1r\u00f3d\u00e1s van, vagy bet\u00f6rt m\u0171szer. Meghat\u00e1rozhat\u00f3, hogy egy elz\u00e1r\u00f3d\u00e1son t\u00fal [&hellip;]<\/p>","protected":false},"author":1,"featured_media":0,"parent":0,"menu_order":0,"comment_status":"closed","ping_status":"closed","template":"","meta":{"footnotes":""},"class_list":["post-589","page","type-page","status-publish","hentry"],"yoast_head":"<!-- This site is optimized with the Yoast SEO Premium plugin v26.8 (Yoast SEO v26.8) - https:\/\/yoast.com\/product\/yoast-seo-premium-wordpress\/ -->\n<title>Endodent Hungary fogorvosi rendel\u0151 - 3D r\u00f6ntgendiagnosztika<\/title>\n<meta name=\"description\" content=\"Nagyban seg\u00edti a pontos diagn\u00f3zis fel\u00e1ll\u00edt\u00e1s\u00e1t, miut\u00e1n 100%-os biztons\u00e1ggal megmutatja, hogy hol van gyullad\u00e1s a sz\u00e1j\u00fcregben.\" \/>\n<meta name=\"robots\" content=\"index, follow, max-snippet:-1, max-image-preview:large, max-video-preview:-1\" \/>\n<link rel=\"canonical\" href=\"https:\/\/endodent.hu\/en\/cbct-3d-rontgendiagnosztika\/\" \/>\n<meta property=\"og:locale\" content=\"en_GB\" \/>\n<meta property=\"og:type\" content=\"article\" \/>\n<meta property=\"og:title\" content=\"CBCT 3D r\u00f6ntgendiagnosztika\" \/>\n<meta property=\"og:description\" content=\"Nagyban seg\u00edti a pontos diagn\u00f3zis fel\u00e1ll\u00edt\u00e1s\u00e1t, miut\u00e1n 100%-os biztons\u00e1ggal megmutatja, hogy hol van gyullad\u00e1s a sz\u00e1j\u00fcregben.\" \/>\n<meta property=\"og:url\" content=\"https:\/\/endodent.hu\/en\/cbct-3d-rontgendiagnosztika\/\" \/>\n<meta property=\"og:site_name\" content=\"Endodent Hungary fogorvosi rendel\u0151\" \/>\n<meta property=\"article:publisher\" content=\"https:\/\/www.facebook.com\/EndodentHungary\" \/>\n<meta property=\"article:modified_time\" content=\"2024-01-18T09:23:18+00:00\" \/>\n<meta property=\"og:image\" content=\"https:\/\/endodent.hu\/wp-content\/uploads\/2022\/11\/cbct.png\" \/>\n<meta name=\"twitter:card\" content=\"summary_large_image\" \/>\n<meta name=\"twitter:label1\" content=\"Estimated reading time\" \/>\n\t<meta name=\"twitter:data1\" content=\"1 minute\" \/>\n<script type=\"application\/ld+json\" class=\"yoast-schema-graph\">{\"@context\":\"https:\/\/schema.org\",\"@graph\":[{\"@type\":\"WebPage\",\"@id\":\"https:\/\/endodent.hu\/cbct-3d-rontgendiagnosztika\/\",\"url\":\"https:\/\/endodent.hu\/cbct-3d-rontgendiagnosztika\/\",\"name\":\"Endodent Hungary fogorvosi rendel\u0151 - 3D r\u00f6ntgendiagnosztika\",\"isPartOf\":{\"@id\":\"https:\/\/endodent.hu\/#website\"},\"primaryImageOfPage\":{\"@id\":\"https:\/\/endodent.hu\/cbct-3d-rontgendiagnosztika\/#primaryimage\"},\"image\":{\"@id\":\"https:\/\/endodent.hu\/cbct-3d-rontgendiagnosztika\/#primaryimage\"},\"thumbnailUrl\":\"https:\/\/endodent.hu\/wp-content\/uploads\/2022\/11\/cbct.png\",\"datePublished\":\"2022-11-18T10:40:03+00:00\",\"dateModified\":\"2024-01-18T09:23:18+00:00\",\"description\":\"Nagyban seg\u00edti a pontos diagn\u00f3zis fel\u00e1ll\u00edt\u00e1s\u00e1t, miut\u00e1n 100%-os biztons\u00e1ggal megmutatja, hogy hol van gyullad\u00e1s a sz\u00e1j\u00fcregben.\",\"breadcrumb\":{\"@id\":\"https:\/\/endodent.hu\/cbct-3d-rontgendiagnosztika\/#breadcrumb\"},\"inLanguage\":\"en-GB\",\"potentialAction\":[{\"@type\":\"ReadAction\",\"target\":[\"https:\/\/endodent.hu\/cbct-3d-rontgendiagnosztika\/\"]}]},{\"@type\":\"ImageObject\",\"inLanguage\":\"en-GB\",\"@id\":\"https:\/\/endodent.hu\/cbct-3d-rontgendiagnosztika\/#primaryimage\",\"url\":\"https:\/\/endodent.hu\/wp-content\/uploads\/2022\/11\/cbct.png\",\"contentUrl\":\"https:\/\/endodent.hu\/wp-content\/uploads\/2022\/11\/cbct.png\"},{\"@type\":\"BreadcrumbList\",\"@id\":\"https:\/\/endodent.hu\/cbct-3d-rontgendiagnosztika\/#breadcrumb\",\"itemListElement\":[{\"@type\":\"ListItem\",\"position\":1,\"name\":\"Home\",\"item\":\"https:\/\/endodent.hu\/\"},{\"@type\":\"ListItem\",\"position\":2,\"name\":\"CBCT 3D r\u00f6ntgendiagnosztika\"}]},{\"@type\":\"WebSite\",\"@id\":\"https:\/\/endodent.hu\/#website\",\"url\":\"https:\/\/endodent.hu\/\",\"name\":\"Endodent Hungary fogorvosi rendel\u0151\",\"description\":\"Prec\u00edz, min\u0151s\u00e9gi, de megfizethet\u0151 kezel\u00e9st szeretne, profikt\u00f3l!\",\"publisher\":{\"@id\":\"https:\/\/endodent.hu\/#organization\"},\"potentialAction\":[{\"@type\":\"SearchAction\",\"target\":{\"@type\":\"EntryPoint\",\"urlTemplate\":\"https:\/\/endodent.hu\/?s={search_term_string}\"},\"query-input\":{\"@type\":\"PropertyValueSpecification\",\"valueRequired\":true,\"valueName\":\"search_term_string\"}}],\"inLanguage\":\"en-GB\"},{\"@type\":\"Organization\",\"@id\":\"https:\/\/endodent.hu\/#organization\",\"name\":\"Endodent Hungary fogorvosi rendel\u0151\",\"url\":\"https:\/\/endodent.hu\/\",\"logo\":{\"@type\":\"ImageObject\",\"inLanguage\":\"en-GB\",\"@id\":\"https:\/\/endodent.hu\/#\/schema\/logo\/image\/\",\"url\":\"https:\/\/endodent.hu\/wp-content\/uploads\/2022\/09\/logo.jpeg\",\"contentUrl\":\"https:\/\/endodent.hu\/wp-content\/uploads\/2022\/09\/logo.jpeg\",\"width\":420,\"height\":102,\"caption\":\"Endodent Hungary fogorvosi rendel\u0151\"},\"image\":{\"@id\":\"https:\/\/endodent.hu\/#\/schema\/logo\/image\/\"},\"sameAs\":[\"https:\/\/www.facebook.com\/EndodentHungary\"]}]}<\/script>\n<!-- \/ Yoast SEO Premium plugin. -->","yoast_head_json":{"title":"Endodent Hungary fogorvosi rendel\u0151 - 3D r\u00f6ntgendiagnosztika","description":"Nagyban seg\u00edti a pontos diagn\u00f3zis fel\u00e1ll\u00edt\u00e1s\u00e1t, miut\u00e1n 100%-os biztons\u00e1ggal megmutatja, hogy hol van gyullad\u00e1s a sz\u00e1j\u00fcregben.","robots":{"index":"index","follow":"follow","max-snippet":"max-snippet:-1","max-image-preview":"max-image-preview:large","max-video-preview":"max-video-preview:-1"},"canonical":"https:\/\/endodent.hu\/en\/cbct-3d-rontgendiagnosztika\/","og_locale":"en_GB","og_type":"article","og_title":"CBCT 3D r\u00f6ntgendiagnosztika","og_description":"Nagyban seg\u00edti a pontos diagn\u00f3zis fel\u00e1ll\u00edt\u00e1s\u00e1t, miut\u00e1n 100%-os biztons\u00e1ggal megmutatja, hogy hol van gyullad\u00e1s a sz\u00e1j\u00fcregben.","og_url":"https:\/\/endodent.hu\/en\/cbct-3d-rontgendiagnosztika\/","og_site_name":"Endodent Hungary fogorvosi rendel\u0151","article_publisher":"https:\/\/www.facebook.com\/EndodentHungary","article_modified_time":"2024-01-18T09:23:18+00:00","og_image":[{"url":"https:\/\/endodent.hu\/wp-content\/uploads\/2022\/11\/cbct.png","type":"","width":"","height":""}],"twitter_card":"summary_large_image","twitter_misc":{"Estimated reading time":"1 minute"},"schema":{"@context":"https:\/\/schema.org","@graph":[{"@type":"WebPage","@id":"https:\/\/endodent.hu\/cbct-3d-rontgendiagnosztika\/","url":"https:\/\/endodent.hu\/cbct-3d-rontgendiagnosztika\/","name":"Endodent Hungary fogorvosi rendel\u0151 - 3D r\u00f6ntgendiagnosztika","isPartOf":{"@id":"https:\/\/endodent.hu\/#website"},"primaryImageOfPage":{"@id":"https:\/\/endodent.hu\/cbct-3d-rontgendiagnosztika\/#primaryimage"},"image":{"@id":"https:\/\/endodent.hu\/cbct-3d-rontgendiagnosztika\/#primaryimage"},"thumbnailUrl":"https:\/\/endodent.hu\/wp-content\/uploads\/2022\/11\/cbct.png","datePublished":"2022-11-18T10:40:03+00:00","dateModified":"2024-01-18T09:23:18+00:00","description":"Nagyban seg\u00edti a pontos diagn\u00f3zis fel\u00e1ll\u00edt\u00e1s\u00e1t, miut\u00e1n 100%-os biztons\u00e1ggal megmutatja, hogy hol van gyullad\u00e1s a sz\u00e1j\u00fcregben.","breadcrumb":{"@id":"https:\/\/endodent.hu\/cbct-3d-rontgendiagnosztika\/#breadcrumb"},"inLanguage":"en-GB","potentialAction":[{"@type":"ReadAction","target":["https:\/\/endodent.hu\/cbct-3d-rontgendiagnosztika\/"]}]},{"@type":"ImageObject","inLanguage":"en-GB","@id":"https:\/\/endodent.hu\/cbct-3d-rontgendiagnosztika\/#primaryimage","url":"https:\/\/endodent.hu\/wp-content\/uploads\/2022\/11\/cbct.png","contentUrl":"https:\/\/endodent.hu\/wp-content\/uploads\/2022\/11\/cbct.png"},{"@type":"BreadcrumbList","@id":"https:\/\/endodent.hu\/cbct-3d-rontgendiagnosztika\/#breadcrumb","itemListElement":[{"@type":"ListItem","position":1,"name":"Home","item":"https:\/\/endodent.hu\/"},{"@type":"ListItem","position":2,"name":"CBCT 3D r\u00f6ntgendiagnosztika"}]},{"@type":"WebSite","@id":"https:\/\/endodent.hu\/#website","url":"https:\/\/endodent.hu\/","name":"Endodent Hungary fogorvosi rendel\u0151","description":"Prec\u00edz, min\u0151s\u00e9gi, de megfizethet\u0151 kezel\u00e9st szeretne, profikt\u00f3l!","publisher":{"@id":"https:\/\/endodent.hu\/#organization"},"potentialAction":[{"@type":"SearchAction","target":{"@type":"EntryPoint","urlTemplate":"https:\/\/endodent.hu\/?s={search_term_string}"},"query-input":{"@type":"PropertyValueSpecification","valueRequired":true,"valueName":"search_term_string"}}],"inLanguage":"en-GB"},{"@type":"Organization","@id":"https:\/\/endodent.hu\/#organization","name":"Endodent Hungary fogorvosi rendel\u0151","url":"https:\/\/endodent.hu\/","logo":{"@type":"ImageObject","inLanguage":"en-GB","@id":"https:\/\/endodent.hu\/#\/schema\/logo\/image\/","url":"https:\/\/endodent.hu\/wp-content\/uploads\/2022\/09\/logo.jpeg","contentUrl":"https:\/\/endodent.hu\/wp-content\/uploads\/2022\/09\/logo.jpeg","width":420,"height":102,"caption":"Endodent Hungary fogorvosi rendel\u0151"},"image":{"@id":"https:\/\/endodent.hu\/#\/schema\/logo\/image\/"},"sameAs":["https:\/\/www.facebook.com\/EndodentHungary"]}]}},"_links":{"self":[{"href":"https:\/\/endodent.hu\/en\/wp-json\/wp\/v2\/pages\/589","targetHints":{"allow":["GET"]}}],"collection":[{"href":"https:\/\/endodent.hu\/en\/wp-json\/wp\/v2\/pages"}],"about":[{"href":"https:\/\/endodent.hu\/en\/wp-json\/wp\/v2\/types\/page"}],"author":[{"embeddable":true,"href":"https:\/\/endodent.hu\/en\/wp-json\/wp\/v2\/users\/1"}],"replies":[{"embeddable":true,"href":"https:\/\/endodent.hu\/en\/wp-json\/wp\/v2\/comments?post=589"}],"version-history":[{"count":0,"href":"https:\/\/endodent.hu\/en\/wp-json\/wp\/v2\/pages\/589\/revisions"}],"wp:attachment":[{"href":"https:\/\/endodent.hu\/en\/wp-json\/wp\/v2\/media?parent=589"}],"curies":[{"name":"wp","href":"https:\/\/api.w.org\/{rel}","templated":true}]}}