{"id":515,"date":"2022-11-17T13:58:11","date_gmt":"2022-11-17T13:58:11","guid":{"rendered":"https:\/\/endodent.hu\/?page_id=515"},"modified":"2023-05-05T12:16:11","modified_gmt":"2023-05-05T10:16:11","slug":"egeszsegpenztarak","status":"publish","type":"page","link":"https:\/\/endodent.hu\/en\/egeszsegpenztarak\/","title":{"rendered":"Eg\u00e9szs\u00e9gp\u00e9nzt\u00e1rak"},"content":{"rendered":"<div data-elementor-type=\"wp-page\" data-elementor-id=\"515\" class=\"elementor elementor-515\" data-elementor-post-type=\"page\">\n\t\t\t\t\t\t<section class=\"elementor-section elementor-top-section elementor-element elementor-element-3e1316b3 elementor-section-boxed elementor-section-height-default elementor-section-height-default\" data-id=\"3e1316b3\" data-element_type=\"section\" data-settings=\"{&quot;background_background&quot;:&quot;classic&quot;}\">\n\t\t\t\t\t\t<div class=\"elementor-container elementor-column-gap-default\">\n\t\t\t\t\t<div class=\"elementor-column elementor-col-100 elementor-top-column elementor-element elementor-element-1c9bb01f\" data-id=\"1c9bb01f\" data-element_type=\"column\">\n\t\t\t<div class=\"elementor-widget-wrap elementor-element-populated\">\n\t\t\t\t\t\t<div class=\"elementor-element elementor-element-6a79831 elementor-widget elementor-widget-heading\" data-id=\"6a79831\" data-element_type=\"widget\" data-widget_type=\"heading.default\">\n\t\t\t\t<div class=\"elementor-widget-container\">\n\t\t\t\t\t<h2 class=\"elementor-heading-title elementor-size-default\">Ha a n\u00e1lunk v\u00e9gzett fog\u00e1szati kezel\u00e9s\u00e9t eg\u00e9szs\u00e9gp\u00e9nzt\u00e1r\u00e1val szeretn\u00e9 kiegyenl\u00edteni, akkor keresse meg partnereink k\u00f6z\u00f6tt.<\/h2>\t\t\t\t<\/div>\n\t\t\t\t<\/div>\n\t\t\t\t<section class=\"elementor-section elementor-inner-section elementor-element elementor-element-4edfa17c elementor-section-boxed elementor-section-height-default elementor-section-height-default\" data-id=\"4edfa17c\" data-element_type=\"section\">\n\t\t\t\t\t\t<div class=\"elementor-container elementor-column-gap-default\">\n\t\t\t\t\t<div class=\"elementor-column elementor-col-100 elementor-inner-column elementor-element elementor-element-71677ead\" data-id=\"71677ead\" data-element_type=\"column\">\n\t\t\t<div class=\"elementor-widget-wrap elementor-element-populated\">\n\t\t\t\t\t\t<div class=\"elementor-element elementor-element-b9d9131 gallery-spacing-custom elementor-widget elementor-widget-image-gallery\" data-id=\"b9d9131\" data-element_type=\"widget\" data-widget_type=\"image-gallery.default\">\n\t\t\t\t<div class=\"elementor-widget-container\">\n\t\t\t\t\t\t\t<div class=\"elementor-image-gallery\">\n\t\t\t<div id='gallery-1' class='gallery galleryid-515 gallery-columns-3 gallery-size-medium'><figure class='gallery-item'>\n\t\t\t<div class='gallery-icon landscape'>\n\t\t\t\t<img width=\"244\" height=\"51\" src=\"https:\/\/endodent.hu\/wp-content\/uploads\/2022\/11\/vitamin.jpeg\" class=\"attachment-medium size-medium\" alt=\"\" decoding=\"async\" srcset=\"https:\/\/endodent.hu\/wp-content\/uploads\/2022\/11\/vitamin.jpeg 244w, https:\/\/endodent.hu\/wp-content\/uploads\/2022\/11\/vitamin-18x4.jpeg 18w\" sizes=\"(max-width: 244px) 100vw, 244px\" \/>\n\t\t\t<\/div><\/figure><figure class='gallery-item'>\n\t\t\t<div class='gallery-icon landscape'>\n\t\t\t\t<img fetchpriority=\"high\" width=\"286\" height=\"176\" src=\"https:\/\/endodent.hu\/wp-content\/uploads\/2022\/11\/vasutas.jpeg\" class=\"attachment-medium size-medium\" alt=\"\" decoding=\"async\" srcset=\"https:\/\/endodent.hu\/wp-content\/uploads\/2022\/11\/vasutas.jpeg 286w, https:\/\/endodent.hu\/wp-content\/uploads\/2022\/11\/vasutas-18x12.jpeg 18w\" sizes=\"(max-width: 286px) 100vw, 286px\" \/>\n\t\t\t<\/div><\/figure><figure class='gallery-item'>\n\t\t\t<div class='gallery-icon landscape'>\n\t\t\t\t<img width=\"300\" height=\"114\" src=\"https:\/\/endodent.hu\/wp-content\/uploads\/2022\/11\/tempo-300x114.jpeg\" class=\"attachment-medium size-medium\" alt=\"\" decoding=\"async\" srcset=\"https:\/\/endodent.hu\/wp-content\/uploads\/2022\/11\/tempo-300x114.jpeg 300w, https:\/\/endodent.hu\/wp-content\/uploads\/2022\/11\/tempo-18x7.jpeg 18w, https:\/\/endodent.hu\/wp-content\/uploads\/2022\/11\/tempo.jpeg 364w\" sizes=\"(max-width: 300px) 100vw, 300px\" \/>\n\t\t\t<\/div><\/figure><figure class='gallery-item'>\n\t\t\t<div class='gallery-icon landscape'>\n\t\t\t\t<img loading=\"lazy\" width=\"300\" height=\"74\" src=\"https:\/\/endodent.hu\/wp-content\/uploads\/2022\/11\/premium-300x74.png\" class=\"attachment-medium size-medium\" alt=\"\" decoding=\"async\" srcset=\"https:\/\/endodent.hu\/wp-content\/uploads\/2022\/11\/premium-300x74.png 300w, https:\/\/endodent.hu\/wp-content\/uploads\/2022\/11\/premium-18x4.png 18w, https:\/\/endodent.hu\/wp-content\/uploads\/2022\/11\/premium.png 363w\" sizes=\"(max-width: 300px) 100vw, 300px\" \/>\n\t\t\t<\/div><\/figure><figure class='gallery-item'>\n\t\t\t<div class='gallery-icon landscape'>\n\t\t\t\t<img loading=\"lazy\" width=\"271\" height=\"67\" src=\"https:\/\/endodent.hu\/wp-content\/uploads\/2022\/11\/piller.jpeg\" class=\"attachment-medium size-medium\" alt=\"\" decoding=\"async\" srcset=\"https:\/\/endodent.hu\/wp-content\/uploads\/2022\/11\/piller.jpeg 271w, https:\/\/endodent.hu\/wp-content\/uploads\/2022\/11\/piller-18x4.jpeg 18w\" sizes=\"(max-width: 271px) 100vw, 271px\" \/>\n\t\t\t<\/div><\/figure><figure class='gallery-item'>\n\t\t\t<div class='gallery-icon landscape'>\n\t\t\t\t<img loading=\"lazy\" width=\"267\" height=\"189\" src=\"https:\/\/endodent.hu\/wp-content\/uploads\/2022\/11\/petika.png\" class=\"attachment-medium size-medium\" alt=\"\" decoding=\"async\" srcset=\"https:\/\/endodent.hu\/wp-content\/uploads\/2022\/11\/petika.png 267w, https:\/\/endodent.hu\/wp-content\/uploads\/2022\/11\/petika-18x12.png 18w\" sizes=\"(max-width: 267px) 100vw, 267px\" \/>\n\t\t\t<\/div><\/figure><figure class='gallery-item'>\n\t\t\t<div class='gallery-icon landscape'>\n\t\t\t\t<img loading=\"lazy\" width=\"214\" height=\"163\" src=\"https:\/\/endodent.hu\/wp-content\/uploads\/2022\/11\/otp.jpeg\" class=\"attachment-medium size-medium\" alt=\"\" decoding=\"async\" srcset=\"https:\/\/endodent.hu\/wp-content\/uploads\/2022\/11\/otp.jpeg 214w, https:\/\/endodent.hu\/wp-content\/uploads\/2022\/11\/otp-16x12.jpeg 16w\" sizes=\"(max-width: 214px) 100vw, 214px\" \/>\n\t\t\t<\/div><\/figure><figure class='gallery-item'>\n\t\t\t<div class='gallery-icon portrait'>\n\t\t\t\t<img loading=\"lazy\" width=\"160\" height=\"200\" src=\"https:\/\/endodent.hu\/wp-content\/uploads\/2022\/11\/mkb.jpeg\" class=\"attachment-medium size-medium\" alt=\"\" decoding=\"async\" srcset=\"https:\/\/endodent.hu\/wp-content\/uploads\/2022\/11\/mkb.jpeg 160w, https:\/\/endodent.hu\/wp-content\/uploads\/2022\/11\/mkb-10x12.jpeg 10w\" sizes=\"(max-width: 160px) 100vw, 160px\" \/>\n\t\t\t<\/div><\/figure><figure class='gallery-item'>\n\t\t\t<div class='gallery-icon landscape'>\n\t\t\t\t<img loading=\"lazy\" width=\"300\" height=\"107\" src=\"https:\/\/endodent.hu\/wp-content\/uploads\/2022\/11\/medicina-300x107.jpeg\" class=\"attachment-medium size-medium\" alt=\"\" decoding=\"async\" srcset=\"https:\/\/endodent.hu\/wp-content\/uploads\/2022\/11\/medicina-300x107.jpeg 300w, https:\/\/endodent.hu\/wp-content\/uploads\/2022\/11\/medicina-18x6.jpeg 18w, https:\/\/endodent.hu\/wp-content\/uploads\/2022\/11\/medicina.jpeg 315w\" sizes=\"(max-width: 300px) 100vw, 300px\" \/>\n\t\t\t<\/div><\/figure><figure class='gallery-item'>\n\t\t\t<div class='gallery-icon landscape'>\n\t\t\t\t<img loading=\"lazy\" width=\"300\" height=\"152\" src=\"https:\/\/endodent.hu\/wp-content\/uploads\/2022\/11\/izys-300x152.jpeg\" class=\"attachment-medium size-medium\" alt=\"\" decoding=\"async\" srcset=\"https:\/\/endodent.hu\/wp-content\/uploads\/2022\/11\/izys-300x152.jpeg 300w, https:\/\/endodent.hu\/wp-content\/uploads\/2022\/11\/izys-18x9.jpeg 18w, https:\/\/endodent.hu\/wp-content\/uploads\/2022\/11\/izys.jpeg 315w\" sizes=\"(max-width: 300px) 100vw, 300px\" \/>\n\t\t\t<\/div><\/figure><figure class='gallery-item'>\n\t\t\t<div class='gallery-icon landscape'>\n\t\t\t\t<img loading=\"lazy\" width=\"225\" height=\"224\" src=\"https:\/\/endodent.hu\/wp-content\/uploads\/2022\/11\/honved.jpeg\" class=\"attachment-medium size-medium\" alt=\"\" decoding=\"async\" srcset=\"https:\/\/endodent.hu\/wp-content\/uploads\/2022\/11\/honved.jpeg 225w, https:\/\/endodent.hu\/wp-content\/uploads\/2022\/11\/honved-150x150.jpeg 150w, https:\/\/endodent.hu\/wp-content\/uploads\/2022\/11\/honved-12x12.jpeg 12w\" sizes=\"(max-width: 225px) 100vw, 225px\" \/>\n\t\t\t<\/div><\/figure><figure class='gallery-item'>\n\t\t\t<div class='gallery-icon landscape'>\n\t\t\t\t<img loading=\"lazy\" width=\"300\" height=\"102\" src=\"https:\/\/endodent.hu\/wp-content\/uploads\/2022\/11\/generali-300x102.jpeg\" class=\"attachment-medium size-medium\" alt=\"\" decoding=\"async\" srcset=\"https:\/\/endodent.hu\/wp-content\/uploads\/2022\/11\/generali-300x102.jpeg 300w, https:\/\/endodent.hu\/wp-content\/uploads\/2022\/11\/generali-18x6.jpeg 18w, https:\/\/endodent.hu\/wp-content\/uploads\/2022\/11\/generali.jpeg 384w\" sizes=\"(max-width: 300px) 100vw, 300px\" \/>\n\t\t\t<\/div><\/figure><figure class='gallery-item'>\n\t\t\t<div class='gallery-icon portrait'>\n\t\t\t\t<img loading=\"lazy\" width=\"184\" height=\"274\" src=\"https:\/\/endodent.hu\/wp-content\/uploads\/2022\/11\/dimenzio.jpeg\" class=\"attachment-medium size-medium\" alt=\"\" decoding=\"async\" srcset=\"https:\/\/endodent.hu\/wp-content\/uploads\/2022\/11\/dimenzio.jpeg 184w, https:\/\/endodent.hu\/wp-content\/uploads\/2022\/11\/dimenzio-8x12.jpeg 8w\" sizes=\"(max-width: 184px) 100vw, 184px\" \/>\n\t\t\t<\/div><\/figure><figure class='gallery-item'>\n\t\t\t<div class='gallery-icon landscape'>\n\t\t\t\t<img loading=\"lazy\" width=\"259\" height=\"194\" src=\"https:\/\/endodent.hu\/wp-content\/uploads\/2022\/11\/allianz.jpeg\" class=\"attachment-medium size-medium\" alt=\"\" decoding=\"async\" srcset=\"https:\/\/endodent.hu\/wp-content\/uploads\/2022\/11\/allianz.jpeg 259w, https:\/\/endodent.hu\/wp-content\/uploads\/2022\/11\/allianz-16x12.jpeg 16w\" sizes=\"(max-width: 259px) 100vw, 259px\" \/>\n\t\t\t<\/div><\/figure>\n\t\t<\/div>\n\t\t<\/div>\n\t\t\t\t\t\t<\/div>\n\t\t\t\t<\/div>\n\t\t\t\t\t<\/div>\n\t\t<\/div>\n\t\t\t\t\t<\/div>\n\t\t<\/section>\n\t\t\t\t\t<\/div>\n\t\t<\/div>\n\t\t\t\t\t<\/div>\n\t\t<\/section>\n\t\t\t\t<\/div>","protected":false},"excerpt":{"rendered":"<p>Ha a n\u00e1lunk v\u00e9gzett fog\u00e1szati kezel\u00e9s\u00e9t eg\u00e9szs\u00e9gp\u00e9nzt\u00e1r\u00e1val szeretn\u00e9 kiegyenl\u00edteni, akkor keresse meg partnereink k\u00f6z\u00f6tt.<\/p>","protected":false},"author":1,"featured_media":0,"parent":0,"menu_order":0,"comment_status":"closed","ping_status":"closed","template":"","meta":{"footnotes":""},"class_list":["post-515","page","type-page","status-publish","hentry"],"yoast_head":"<!-- This site is optimized with the Yoast SEO Premium plugin v26.8 (Yoast SEO v26.8) - https:\/\/yoast.com\/product\/yoast-seo-premium-wordpress\/ -->\n<title>Endodent Hungary fogorvosi rendel\u0151 - Eg\u00e9szs\u00e9gp\u00e9nzt\u00e1rak<\/title>\n<meta name=\"description\" content=\"Ha a n\u00e1lunk v\u00e9gzett fog\u00e1szati kezel\u00e9s\u00e9t eg\u00e9szs\u00e9gp\u00e9nzt\u00e1r\u00e1val szeretn\u00e9 kiegyenl\u00edteni, akkor keresse meg partnereink k\u00f6z\u00f6tt.\" \/>\n<meta name=\"robots\" content=\"index, follow, max-snippet:-1, max-image-preview:large, max-video-preview:-1\" \/>\n<link rel=\"canonical\" href=\"https:\/\/endodent.hu\/en\/egeszsegpenztarak\/\" \/>\n<meta property=\"og:locale\" content=\"en_GB\" \/>\n<meta property=\"og:type\" content=\"article\" \/>\n<meta property=\"og:title\" content=\"Eg\u00e9szs\u00e9gp\u00e9nzt\u00e1rak\" \/>\n<meta property=\"og:description\" content=\"Ha a n\u00e1lunk v\u00e9gzett fog\u00e1szati kezel\u00e9s\u00e9t eg\u00e9szs\u00e9gp\u00e9nzt\u00e1r\u00e1val szeretn\u00e9 kiegyenl\u00edteni, akkor keresse meg partnereink k\u00f6z\u00f6tt.\" \/>\n<meta property=\"og:url\" content=\"https:\/\/endodent.hu\/en\/egeszsegpenztarak\/\" \/>\n<meta property=\"og:site_name\" content=\"Endodent Hungary fogorvosi rendel\u0151\" \/>\n<meta property=\"article:publisher\" content=\"https:\/\/www.facebook.com\/EndodentHungary\" \/>\n<meta property=\"article:modified_time\" content=\"2023-05-05T10:16:11+00:00\" \/>\n<meta property=\"og:image\" content=\"https:\/\/endodent.hu\/wp-content\/uploads\/2022\/11\/vitamin.jpeg\" \/>\n<meta name=\"twitter:card\" content=\"summary_large_image\" \/>\n<meta name=\"twitter:label1\" content=\"Estimated reading time\" \/>\n\t<meta name=\"twitter:data1\" content=\"3 minutes\" \/>\n<script type=\"application\/ld+json\" class=\"yoast-schema-graph\">{\"@context\":\"https:\/\/schema.org\",\"@graph\":[{\"@type\":\"WebPage\",\"@id\":\"https:\/\/endodent.hu\/egeszsegpenztarak\/\",\"url\":\"https:\/\/endodent.hu\/egeszsegpenztarak\/\",\"name\":\"Endodent Hungary fogorvosi rendel\u0151 - Eg\u00e9szs\u00e9gp\u00e9nzt\u00e1rak\",\"isPartOf\":{\"@id\":\"https:\/\/endodent.hu\/#website\"},\"primaryImageOfPage\":{\"@id\":\"https:\/\/endodent.hu\/egeszsegpenztarak\/#primaryimage\"},\"image\":{\"@id\":\"https:\/\/endodent.hu\/egeszsegpenztarak\/#primaryimage\"},\"thumbnailUrl\":\"https:\/\/endodent.hu\/wp-content\/uploads\/2022\/11\/vitamin.jpeg\",\"datePublished\":\"2022-11-17T13:58:11+00:00\",\"dateModified\":\"2023-05-05T10:16:11+00:00\",\"description\":\"Ha a n\u00e1lunk v\u00e9gzett fog\u00e1szati kezel\u00e9s\u00e9t eg\u00e9szs\u00e9gp\u00e9nzt\u00e1r\u00e1val szeretn\u00e9 kiegyenl\u00edteni, akkor keresse meg partnereink k\u00f6z\u00f6tt.\",\"breadcrumb\":{\"@id\":\"https:\/\/endodent.hu\/egeszsegpenztarak\/#breadcrumb\"},\"inLanguage\":\"en-GB\",\"potentialAction\":[{\"@type\":\"ReadAction\",\"target\":[\"https:\/\/endodent.hu\/egeszsegpenztarak\/\"]}]},{\"@type\":\"ImageObject\",\"inLanguage\":\"en-GB\",\"@id\":\"https:\/\/endodent.hu\/egeszsegpenztarak\/#primaryimage\",\"url\":\"https:\/\/endodent.hu\/wp-content\/uploads\/2022\/11\/vitamin.jpeg\",\"contentUrl\":\"https:\/\/endodent.hu\/wp-content\/uploads\/2022\/11\/vitamin.jpeg\"},{\"@type\":\"BreadcrumbList\",\"@id\":\"https:\/\/endodent.hu\/egeszsegpenztarak\/#breadcrumb\",\"itemListElement\":[{\"@type\":\"ListItem\",\"position\":1,\"name\":\"Home\",\"item\":\"https:\/\/endodent.hu\/\"},{\"@type\":\"ListItem\",\"position\":2,\"name\":\"Eg\u00e9szs\u00e9gp\u00e9nzt\u00e1rak\"}]},{\"@type\":\"WebSite\",\"@id\":\"https:\/\/endodent.hu\/#website\",\"url\":\"https:\/\/endodent.hu\/\",\"name\":\"Endodent Hungary fogorvosi rendel\u0151\",\"description\":\"Prec\u00edz, min\u0151s\u00e9gi, de megfizethet\u0151 kezel\u00e9st szeretne, profikt\u00f3l!\",\"publisher\":{\"@id\":\"https:\/\/endodent.hu\/#organization\"},\"potentialAction\":[{\"@type\":\"SearchAction\",\"target\":{\"@type\":\"EntryPoint\",\"urlTemplate\":\"https:\/\/endodent.hu\/?s={search_term_string}\"},\"query-input\":{\"@type\":\"PropertyValueSpecification\",\"valueRequired\":true,\"valueName\":\"search_term_string\"}}],\"inLanguage\":\"en-GB\"},{\"@type\":\"Organization\",\"@id\":\"https:\/\/endodent.hu\/#organization\",\"name\":\"Endodent Hungary fogorvosi rendel\u0151\",\"url\":\"https:\/\/endodent.hu\/\",\"logo\":{\"@type\":\"ImageObject\",\"inLanguage\":\"en-GB\",\"@id\":\"https:\/\/endodent.hu\/#\/schema\/logo\/image\/\",\"url\":\"https:\/\/endodent.hu\/wp-content\/uploads\/2022\/09\/logo.jpeg\",\"contentUrl\":\"https:\/\/endodent.hu\/wp-content\/uploads\/2022\/09\/logo.jpeg\",\"width\":420,\"height\":102,\"caption\":\"Endodent Hungary fogorvosi rendel\u0151\"},\"image\":{\"@id\":\"https:\/\/endodent.hu\/#\/schema\/logo\/image\/\"},\"sameAs\":[\"https:\/\/www.facebook.com\/EndodentHungary\"]}]}<\/script>\n<!-- \/ Yoast SEO Premium plugin. -->","yoast_head_json":{"title":"Endodent Hungary fogorvosi rendel\u0151 - Eg\u00e9szs\u00e9gp\u00e9nzt\u00e1rak","description":"Ha a n\u00e1lunk v\u00e9gzett fog\u00e1szati kezel\u00e9s\u00e9t eg\u00e9szs\u00e9gp\u00e9nzt\u00e1r\u00e1val szeretn\u00e9 kiegyenl\u00edteni, akkor keresse meg partnereink k\u00f6z\u00f6tt.","robots":{"index":"index","follow":"follow","max-snippet":"max-snippet:-1","max-image-preview":"max-image-preview:large","max-video-preview":"max-video-preview:-1"},"canonical":"https:\/\/endodent.hu\/en\/egeszsegpenztarak\/","og_locale":"en_GB","og_type":"article","og_title":"Eg\u00e9szs\u00e9gp\u00e9nzt\u00e1rak","og_description":"Ha a n\u00e1lunk v\u00e9gzett fog\u00e1szati kezel\u00e9s\u00e9t eg\u00e9szs\u00e9gp\u00e9nzt\u00e1r\u00e1val szeretn\u00e9 kiegyenl\u00edteni, akkor keresse meg partnereink k\u00f6z\u00f6tt.","og_url":"https:\/\/endodent.hu\/en\/egeszsegpenztarak\/","og_site_name":"Endodent Hungary fogorvosi rendel\u0151","article_publisher":"https:\/\/www.facebook.com\/EndodentHungary","article_modified_time":"2023-05-05T10:16:11+00:00","og_image":[{"url":"https:\/\/endodent.hu\/wp-content\/uploads\/2022\/11\/vitamin.jpeg","type":"","width":"","height":""}],"twitter_card":"summary_large_image","twitter_misc":{"Estimated reading time":"3 minutes"},"schema":{"@context":"https:\/\/schema.org","@graph":[{"@type":"WebPage","@id":"https:\/\/endodent.hu\/egeszsegpenztarak\/","url":"https:\/\/endodent.hu\/egeszsegpenztarak\/","name":"Endodent Hungary fogorvosi rendel\u0151 - Eg\u00e9szs\u00e9gp\u00e9nzt\u00e1rak","isPartOf":{"@id":"https:\/\/endodent.hu\/#website"},"primaryImageOfPage":{"@id":"https:\/\/endodent.hu\/egeszsegpenztarak\/#primaryimage"},"image":{"@id":"https:\/\/endodent.hu\/egeszsegpenztarak\/#primaryimage"},"thumbnailUrl":"https:\/\/endodent.hu\/wp-content\/uploads\/2022\/11\/vitamin.jpeg","datePublished":"2022-11-17T13:58:11+00:00","dateModified":"2023-05-05T10:16:11+00:00","description":"Ha a n\u00e1lunk v\u00e9gzett fog\u00e1szati kezel\u00e9s\u00e9t eg\u00e9szs\u00e9gp\u00e9nzt\u00e1r\u00e1val szeretn\u00e9 kiegyenl\u00edteni, akkor keresse meg partnereink k\u00f6z\u00f6tt.","breadcrumb":{"@id":"https:\/\/endodent.hu\/egeszsegpenztarak\/#breadcrumb"},"inLanguage":"en-GB","potentialAction":[{"@type":"ReadAction","target":["https:\/\/endodent.hu\/egeszsegpenztarak\/"]}]},{"@type":"ImageObject","inLanguage":"en-GB","@id":"https:\/\/endodent.hu\/egeszsegpenztarak\/#primaryimage","url":"https:\/\/endodent.hu\/wp-content\/uploads\/2022\/11\/vitamin.jpeg","contentUrl":"https:\/\/endodent.hu\/wp-content\/uploads\/2022\/11\/vitamin.jpeg"},{"@type":"BreadcrumbList","@id":"https:\/\/endodent.hu\/egeszsegpenztarak\/#breadcrumb","itemListElement":[{"@type":"ListItem","position":1,"name":"Home","item":"https:\/\/endodent.hu\/"},{"@type":"ListItem","position":2,"name":"Eg\u00e9szs\u00e9gp\u00e9nzt\u00e1rak"}]},{"@type":"WebSite","@id":"https:\/\/endodent.hu\/#website","url":"https:\/\/endodent.hu\/","name":"Endodent Hungary fogorvosi rendel\u0151","description":"Prec\u00edz, min\u0151s\u00e9gi, de megfizethet\u0151 kezel\u00e9st szeretne, profikt\u00f3l!","publisher":{"@id":"https:\/\/endodent.hu\/#organization"},"potentialAction":[{"@type":"SearchAction","target":{"@type":"EntryPoint","urlTemplate":"https:\/\/endodent.hu\/?s={search_term_string}"},"query-input":{"@type":"PropertyValueSpecification","valueRequired":true,"valueName":"search_term_string"}}],"inLanguage":"en-GB"},{"@type":"Organization","@id":"https:\/\/endodent.hu\/#organization","name":"Endodent Hungary fogorvosi rendel\u0151","url":"https:\/\/endodent.hu\/","logo":{"@type":"ImageObject","inLanguage":"en-GB","@id":"https:\/\/endodent.hu\/#\/schema\/logo\/image\/","url":"https:\/\/endodent.hu\/wp-content\/uploads\/2022\/09\/logo.jpeg","contentUrl":"https:\/\/endodent.hu\/wp-content\/uploads\/2022\/09\/logo.jpeg","width":420,"height":102,"caption":"Endodent Hungary fogorvosi rendel\u0151"},"image":{"@id":"https:\/\/endodent.hu\/#\/schema\/logo\/image\/"},"sameAs":["https:\/\/www.facebook.com\/EndodentHungary"]}]}},"_links":{"self":[{"href":"https:\/\/endodent.hu\/en\/wp-json\/wp\/v2\/pages\/515","targetHints":{"allow":["GET"]}}],"collection":[{"href":"https:\/\/endodent.hu\/en\/wp-json\/wp\/v2\/pages"}],"about":[{"href":"https:\/\/endodent.hu\/en\/wp-json\/wp\/v2\/types\/page"}],"author":[{"embeddable":true,"href":"https:\/\/endodent.hu\/en\/wp-json\/wp\/v2\/users\/1"}],"replies":[{"embeddable":true,"href":"https:\/\/endodent.hu\/en\/wp-json\/wp\/v2\/comments?post=515"}],"version-history":[{"count":0,"href":"https:\/\/endodent.hu\/en\/wp-json\/wp\/v2\/pages\/515\/revisions"}],"wp:attachment":[{"href":"https:\/\/endodent.hu\/en\/wp-json\/wp\/v2\/media?parent=515"}],"curies":[{"name":"wp","href":"https:\/\/api.w.org\/{rel}","templated":true}]}}