{"id":484,"date":"2022-11-17T13:31:42","date_gmt":"2022-11-17T13:31:42","guid":{"rendered":"https:\/\/endodent.hu\/?page_id=484"},"modified":"2025-11-04T10:00:39","modified_gmt":"2025-11-04T08:00:39","slug":"araink-garancia","status":"publish","type":"page","link":"https:\/\/endodent.hu\/en\/araink-garancia\/","title":{"rendered":"Price guarantee"},"content":{"rendered":"<div data-elementor-type=\"wp-page\" data-elementor-id=\"484\" class=\"elementor elementor-484\" data-elementor-post-type=\"page\">\n\t\t\t\t\t\t<section class=\"elementor-section elementor-top-section elementor-element elementor-element-e757471 elementor-section-boxed elementor-section-height-default elementor-section-height-default\" data-id=\"e757471\" data-element_type=\"section\">\n\t\t\t\t\t\t<div class=\"elementor-container elementor-column-gap-default\">\n\t\t\t\t\t<div class=\"elementor-column elementor-col-100 elementor-top-column elementor-element elementor-element-d5a2524\" data-id=\"d5a2524\" data-element_type=\"column\">\n\t\t\t<div class=\"elementor-widget-wrap elementor-element-populated\">\n\t\t\t\t\t\t<div class=\"elementor-element elementor-element-10edc7b elementor-widget elementor-widget-heading\" data-id=\"10edc7b\" data-element_type=\"widget\" data-widget_type=\"heading.default\">\n\t\t\t\t<div class=\"elementor-widget-container\">\n\t\t\t\t\t<h2 class=\"elementor-heading-title elementor-size-default\">Prices<\/h2>\t\t\t\t<\/div>\n\t\t\t\t<\/div>\n\t\t\t\t\t<\/div>\n\t\t<\/div>\n\t\t\t\t\t<\/div>\n\t\t<\/section>\n\t\t\t\t<section class=\"elementor-section elementor-top-section elementor-element elementor-element-407d69f elementor-section-boxed elementor-section-height-default elementor-section-height-default\" data-id=\"407d69f\" data-element_type=\"section\" data-no-translation=\"\">\n\t\t\t\t\t\t<div class=\"elementor-container elementor-column-gap-default\">\n\t\t\t\t\t<div class=\"elementor-column elementor-col-100 elementor-top-column elementor-element elementor-element-1e8ee3f\" data-id=\"1e8ee3f\" data-element_type=\"column\">\n\t\t\t<div class=\"elementor-widget-wrap elementor-element-populated\">\n\t\t\t\t\t\t<div class=\"elementor-element elementor-element-e4ffa97 elementor-widget elementor-widget-price-list\" data-id=\"e4ffa97\" data-element_type=\"widget\" data-widget_type=\"price-list.default\">\n\t\t\t\t<div class=\"elementor-widget-container\">\n\t\t\t\t\t\n\t\t<ul class=\"elementor-price-list\">\n\n\t\t\t\t\t\t\t\t\t<li class=\"elementor-price-list-item\">\t\t\t\t\n\t\t\t\t<div class=\"elementor-price-list-text\">\n\t\t\t\t\t\t\t\t\t<div class=\"elementor-price-list-header\">\n\t\t\t\t\t\t\t\t\t\t\t<span class=\"elementor-price-list-title\">\n\t\t\t\t\t\t\tRoot canal treatment with a microscope, by an endodontist\t\t\t\t\t\t<\/span>\n\t\t\t\t\t\t\t\t\t\t\t\t\t\t\t\t\t\t<span class=\"elementor-price-list-separator\"><\/span>\n\t\t\t\t\t\t\t\t\t\t\t\t\t\t\t\t\t\t\t<span class=\"elementor-price-list-price\">80.000.-HUF\/channel<\/span>\n\t\t\t\t\t\t\t\t\t\t<\/div>\n\t\t\t\t\t\t\t\t\t\t\t\t\t\t\t<p class=\"elementor-price-list-description\">\n\t\t\t\t\t\t\tThe price includes everything except the medication exchange!\t\t\t\t\t\t<\/p>\n\t\t\t\t\t\t\t\t<\/div>\n\t\t\t\t<\/li>\t\t\t\t\t\t\t\t\t\t\t\t<li class=\"elementor-price-list-item\">\t\t\t\t\n\t\t\t\t<div class=\"elementor-price-list-text\">\n\t\t\t\t\t\t\t\t\t<div class=\"elementor-price-list-header\">\n\t\t\t\t\t\t\t\t\t\t\t<span class=\"elementor-price-list-title\">\n\t\t\t\t\t\t\tRoot canal treatment with a microscope, by Dr. Szab\u00f3 Szil\u00e1rd endodentist\t\t\t\t\t\t<\/span>\n\t\t\t\t\t\t\t\t\t\t\t\t\t\t\t\t\t\t<span class=\"elementor-price-list-separator\"><\/span>\n\t\t\t\t\t\t\t\t\t\t\t\t\t\t\t\t\t\t\t<span class=\"elementor-price-list-price\">90.000.-HUF\/channel<\/span>\n\t\t\t\t\t\t\t\t\t\t<\/div>\n\t\t\t\t\t\t\t\t\t\t\t\t\t\t\t<p class=\"elementor-price-list-description\">\n\t\t\t\t\t\t\tThe price includes everything except the medication exchange!\t\t\t\t\t\t<\/p>\n\t\t\t\t\t\t\t\t<\/div>\n\t\t\t\t<\/li>\t\t\t\t\t\t\t\t\t\t\t\t<li class=\"elementor-price-list-item\">\t\t\t\t\n\t\t\t\t<div class=\"elementor-price-list-text\">\n\t\t\t\t\t\t\t\t\t<div class=\"elementor-price-list-header\">\n\t\t\t\t\t\t\t\t\t\t\t<span class=\"elementor-price-list-title\">\n\t\t\t\t\t\t\tRoot canal treatment with a microscope\t\t\t\t\t\t<\/span>\n\t\t\t\t\t\t\t\t\t\t\t\t\t\t\t\t\t\t<span class=\"elementor-price-list-separator\"><\/span>\n\t\t\t\t\t\t\t\t\t\t\t\t\t\t\t\t\t\t\t<span class=\"elementor-price-list-price\">70.000.-HUF\/channel<\/span>\n\t\t\t\t\t\t\t\t\t\t<\/div>\n\t\t\t\t\t\t\t\t\t\t\t\t\t\t\t<p class=\"elementor-price-list-description\">\n\t\t\t\t\t\t\tThe price includes everything except the medication exchange!\t\t\t\t\t\t<\/p>\n\t\t\t\t\t\t\t\t<\/div>\n\t\t\t\t<\/li>\t\t\t\t\t\t\t\t\t\t\t\t<li class=\"elementor-price-list-item\">\t\t\t\t\n\t\t\t\t<div class=\"elementor-price-list-text\">\n\t\t\t\t\t\t\t\t\t<div class=\"elementor-price-list-header\">\n\t\t\t\t\t\t\t\t\t\t\t<span class=\"elementor-price-list-title\">\n\t\t\t\t\t\t\tCa(OH)2 replacement occasionally\t\t\t\t\t\t<\/span>\n\t\t\t\t\t\t\t\t\t\t\t\t\t\t\t\t\t\t<span class=\"elementor-price-list-separator\"><\/span>\n\t\t\t\t\t\t\t\t\t\t\t\t\t\t\t\t\t\t\t<span class=\"elementor-price-list-price\">25.000.-HUF\/time<\/span>\n\t\t\t\t\t\t\t\t\t\t<\/div>\n\t\t\t\t\t\t\t\t\t\t\t\t<\/div>\n\t\t\t\t<\/li>\t\t\t\t\t\t\t\t\t\t\t\t<li class=\"elementor-price-list-item\">\t\t\t\t\n\t\t\t\t<div class=\"elementor-price-list-text\">\n\t\t\t\t\t\t\t\t\t<div class=\"elementor-price-list-header\">\n\t\t\t\t\t\t\t\t\t\t\t<span class=\"elementor-price-list-title\">\n\t\t\t\t\t\t\tPre-endodontic temporary filling\t\t\t\t\t\t<\/span>\n\t\t\t\t\t\t\t\t\t\t\t\t\t\t\t\t\t\t<span class=\"elementor-price-list-separator\"><\/span>\n\t\t\t\t\t\t\t\t\t\t\t\t\t\t\t\t\t\t\t<span class=\"elementor-price-list-price\">10.000.-HUF<\/span>\n\t\t\t\t\t\t\t\t\t\t<\/div>\n\t\t\t\t\t\t\t\t\t\t\t\t<\/div>\n\t\t\t\t<\/li>\t\t\t\t\t\t\t\t\t\t\t\t<li class=\"elementor-price-list-item\">\t\t\t\t\n\t\t\t\t<div class=\"elementor-price-list-text\">\n\t\t\t\t\t\t\t\t\t<div class=\"elementor-price-list-header\">\n\t\t\t\t\t\t\t\t\t\t\t<span class=\"elementor-price-list-title\">\n\t\t\t\t\t\t\tRemoving the needle\/pin\t\t\t\t\t\t<\/span>\n\t\t\t\t\t\t\t\t\t\t\t\t\t\t\t\t\t\t<span class=\"elementor-price-list-separator\"><\/span>\n\t\t\t\t\t\t\t\t\t\t\t\t\t\t\t\t\t\t\t<span class=\"elementor-price-list-price\">50.000.-HUF\/time<\/span>\n\t\t\t\t\t\t\t\t\t\t<\/div>\n\t\t\t\t\t\t\t\t\t\t\t\t<\/div>\n\t\t\t\t<\/li>\t\t\t\t\t\t\t\t\t\t\t\t<li class=\"elementor-price-list-item\">\t\t\t\t\n\t\t\t\t<div class=\"elementor-price-list-text\">\n\t\t\t\t\t\t\t\t\t<div class=\"elementor-price-list-header\">\n\t\t\t\t\t\t\t\t\t\t\t<span class=\"elementor-price-list-title\">\n\t\t\t\t\t\t\tG\u00f3ckutat\u00e1s nagy t\u00e9rfogat\u00fa CBCT felv\u00e9tellel \u00e9s Endodonciai szakorvosi ki\u00e9rt\u00e9kel\u00e9ssel\t\t\t\t\t\t<\/span>\n\t\t\t\t\t\t\t\t\t\t\t\t\t\t\t\t\t\t<span class=\"elementor-price-list-separator\"><\/span>\n\t\t\t\t\t\t\t\t\t\t\t\t\t\t\t\t\t\t\t<span class=\"elementor-price-list-price\">47.000.-HUF<\/span>\n\t\t\t\t\t\t\t\t\t\t<\/div>\n\t\t\t\t\t\t\t\t\t\t\t\t<\/div>\n\t\t\t\t<\/li>\t\t\t\t\t\t\t\t\t\t\t\t<li class=\"elementor-price-list-item\">\t\t\t\t\n\t\t\t\t<div class=\"elementor-price-list-text\">\n\t\t\t\t\t\t\t\t\t<div class=\"elementor-price-list-header\">\n\t\t\t\t\t\t\t\t\t\t\t<span class=\"elementor-price-list-title\">\n\t\t\t\t\t\t\tConsultation\t\t\t\t\t\t<\/span>\n\t\t\t\t\t\t\t\t\t\t\t\t\t\t\t\t\t\t<span class=\"elementor-price-list-separator\"><\/span>\n\t\t\t\t\t\t\t\t\t\t\t\t\t\t\t\t\t\t\t<span class=\"elementor-price-list-price\">25.000.-HUF<\/span>\n\t\t\t\t\t\t\t\t\t\t<\/div>\n\t\t\t\t\t\t\t\t\t\t\t\t<\/div>\n\t\t\t\t<\/li>\t\t\t\t\t\t\t\t\t\t\t\t<li class=\"elementor-price-list-item\">\t\t\t\t\n\t\t\t\t<div class=\"elementor-price-list-text\">\n\t\t\t\t\t\t\t\t\t<div class=\"elementor-price-list-header\">\n\t\t\t\t\t\t\t\t\t\t\t<span class=\"elementor-price-list-title\">\n\t\t\t\t\t\t\tOnline consultation by an Endodontist (without any clinical examination)\t\t\t\t\t\t<\/span>\n\t\t\t\t\t\t\t\t\t\t\t\t\t\t\t\t\t\t<span class=\"elementor-price-list-separator\"><\/span>\n\t\t\t\t\t\t\t\t\t\t\t\t\t\t\t\t\t\t\t<span class=\"elementor-price-list-price\">25.000.-HUF<\/span>\n\t\t\t\t\t\t\t\t\t\t<\/div>\n\t\t\t\t\t\t\t\t\t\t\t\t<\/div>\n\t\t\t\t<\/li>\t\t\t\t\t\n\t\t<\/ul>\n\n\t\t\t\t\t\t<\/div>\n\t\t\t\t<\/div>\n\t\t\t\t\t<\/div>\n\t\t<\/div>\n\t\t\t\t\t<\/div>\n\t\t<\/section>\n\t\t\t\t<section class=\"elementor-section elementor-top-section elementor-element elementor-element-edfbdc0 elementor-section-boxed elementor-section-height-default elementor-section-height-default\" data-id=\"edfbdc0\" data-element_type=\"section\">\n\t\t\t\t\t\t<div class=\"elementor-container elementor-column-gap-default\">\n\t\t\t\t\t<div class=\"elementor-column elementor-col-100 elementor-top-column elementor-element elementor-element-8af8e33\" data-id=\"8af8e33\" data-element_type=\"column\">\n\t\t\t<div class=\"elementor-widget-wrap elementor-element-populated\">\n\t\t\t\t\t\t<div class=\"elementor-element elementor-element-faaf6f3 elementor-widget elementor-widget-heading\" data-id=\"faaf6f3\" data-element_type=\"widget\" data-widget_type=\"heading.default\">\n\t\t\t\t<div class=\"elementor-widget-container\">\n\t\t\t\t\t<h2 class=\"elementor-heading-title elementor-size-default\">Price Guarantee<\/h2>\t\t\t\t<\/div>\n\t\t\t\t<\/div>\n\t\t\t\t\t<\/div>\n\t\t<\/div>\n\t\t\t\t\t<\/div>\n\t\t<\/section>\n\t\t\t\t<section class=\"elementor-section elementor-top-section elementor-element elementor-element-ca5ac3c elementor-section-boxed elementor-section-height-default elementor-section-height-default\" data-id=\"ca5ac3c\" data-element_type=\"section\">\n\t\t\t\t\t\t<div class=\"elementor-container elementor-column-gap-default\">\n\t\t\t\t\t<div class=\"elementor-column elementor-col-100 elementor-top-column elementor-element elementor-element-68fe3be\" data-id=\"68fe3be\" data-element_type=\"column\">\n\t\t\t<div class=\"elementor-widget-wrap elementor-element-populated\">\n\t\t\t\t\t\t<div class=\"elementor-element elementor-element-117f8a0 elementor-widget elementor-widget-text-editor\" data-id=\"117f8a0\" data-element_type=\"widget\" data-widget_type=\"text-editor.default\">\n\t\t\t\t<div class=\"elementor-widget-container\">\n\t\t\t\t\t\t\t\t\t<p style=\"text-align: left;\"><span style=\"font-size: 16px;\">In the case of root canal treatment, three factors influence the final outcome of the therapy.\n\nThe first factor is the pathogens responsible for the inflammation. The pathogenicity of these bacteria, viruses, and fungi can vary greatly. We cannot influence which pathogen\u2014nor its level of infectiousness or aggressiveness\u2014causes the lesion.<\/span><\/p><div><p>The second factor is the patient\u2019s immune system. Its condition is also affected by many variables (such as the level of fatigue, previous illnesses, vitamin intake, etc.).<\/p><p>The third factor is the dentist\u2019s theoretical knowledge and the technical equipment of the dental practice. In this respect, we do everything possible to ensure that our patients receive the highest standard of care. There is no guarantee for root canal treatment anywhere in the world, nor at our practice, because factors beyond our control influence the final outcome of the treatment.<\/p><p><b>So how can we still offer a price guarantee?<\/b><\/p><p>At the start of the treatment, we charge half of the total cost of the root canal treatment. If, together with the patient, we determine that the tooth has healed properly (is symptom-free, complaint-free, and shows improvement on the radiograph), we then perform the root canal filling and charge the remaining half of the treatment fee. This is where the price guarantee comes into effect. If the tooth still needs to be extracted within six months, we will refund the amount paid for the root canal filling (i.e., half of the current per-canal price).<\/p><p>The guarantee becomes void if the restoration recommended by us is not completed on the tooth within three months following the root canal treatment. Why only half? Because we invest time, energy, and materials to help you and your tooth embark on the path to healing.<\/p><\/div>\t\t\t\t\t\t\t\t<\/div>\n\t\t\t\t<\/div>\n\t\t\t\t\t<\/div>\n\t\t<\/div>\n\t\t\t\t\t<\/div>\n\t\t<\/section>\n\t\t\t\t<\/div>","protected":false},"excerpt":{"rendered":"<p>\u00c1raink Gy\u00f6k\u00e9rkezel\u00e9s mikroszk\u00f3ppal, Endodontus szakorvos \u00e1ltal 80.000.-HUF\/csatorna A gy\u00f3gyszercser\u00e9n k\u00edv\u00fcl az \u00e1r mindent tartalmaz! Gy\u00f6k\u00e9rkezel\u00e9s mikroszk\u00f3ppal, Dr. Szab\u00f3 Szil\u00e1rd Endodontus szakorvos \u00e1ltal: 90.000.-HUF\/csatorna A gy\u00f3gyszercser\u00e9n k\u00edv\u00fcl az \u00e1r mindent tartalmaz! Gy\u00f6k\u00e9rkezel\u00e9s mikroszk\u00f3ppal 70.000.-HUF\/csatorna A gy\u00f3gyszercser\u00e9n k\u00edv\u00fcl az \u00e1r mindent tartalmaz! Ca(OH)2 csere alkalmank\u00e9nt 25.000.-HUF\/alkalom Preendodonciai ideiglenes t\u00f6m\u00e9s 10.000.-HUF T\u0171\/csap kiszed\u00e9se 50.000.-HUF\/alkalom G\u00f3ckutat\u00e1s nagy t\u00e9rfogat\u00fa CBCT [&hellip;]<\/p>","protected":false},"author":1,"featured_media":0,"parent":0,"menu_order":0,"comment_status":"closed","ping_status":"closed","template":"","meta":{"footnotes":""},"class_list":["post-484","page","type-page","status-publish","hentry"],"yoast_head":"<!-- This site is optimized with the Yoast SEO Premium plugin v26.8 (Yoast SEO v26.8) - https:\/\/yoast.com\/product\/yoast-seo-premium-wordpress\/ -->\n<title>\u00c1raink, garancia - Endodent Hungary fogorvosi rendel\u0151<\/title>\n<meta name=\"robots\" content=\"index, follow, max-snippet:-1, max-image-preview:large, max-video-preview:-1\" \/>\n<link rel=\"canonical\" href=\"https:\/\/endodent.hu\/en\/araink-garancia\/\" \/>\n<meta property=\"og:locale\" content=\"en_GB\" \/>\n<meta property=\"og:type\" content=\"article\" \/>\n<meta property=\"og:title\" content=\"\u00c1raink, garancia\" \/>\n<meta property=\"og:description\" content=\"\u00c1raink Gy\u00f6k\u00e9rkezel\u00e9s mikroszk\u00f3ppal, Endodontus szakorvos \u00e1ltal 80.000.-HUF\/csatorna A gy\u00f3gyszercser\u00e9n k\u00edv\u00fcl az \u00e1r mindent tartalmaz! Gy\u00f6k\u00e9rkezel\u00e9s mikroszk\u00f3ppal, Dr. Szab\u00f3 Szil\u00e1rd Endodontus szakorvos \u00e1ltal: 90.000.-HUF\/csatorna A gy\u00f3gyszercser\u00e9n k\u00edv\u00fcl az \u00e1r mindent tartalmaz! Gy\u00f6k\u00e9rkezel\u00e9s mikroszk\u00f3ppal 70.000.-HUF\/csatorna A gy\u00f3gyszercser\u00e9n k\u00edv\u00fcl az \u00e1r mindent tartalmaz! Ca(OH)2 csere alkalmank\u00e9nt 25.000.-HUF\/alkalom Preendodonciai ideiglenes t\u00f6m\u00e9s 10.000.-HUF T\u0171\/csap kiszed\u00e9se 50.000.-HUF\/alkalom G\u00f3ckutat\u00e1s nagy t\u00e9rfogat\u00fa CBCT [&hellip;]\" \/>\n<meta property=\"og:url\" content=\"https:\/\/endodent.hu\/en\/araink-garancia\/\" \/>\n<meta property=\"og:site_name\" content=\"Endodent Hungary fogorvosi rendel\u0151\" \/>\n<meta property=\"article:publisher\" content=\"https:\/\/www.facebook.com\/EndodentHungary\" \/>\n<meta property=\"article:modified_time\" content=\"2025-11-04T08:00:39+00:00\" \/>\n<meta name=\"twitter:card\" content=\"summary_large_image\" \/>\n<meta name=\"twitter:label1\" content=\"Estimated reading time\" \/>\n\t<meta name=\"twitter:data1\" content=\"3 minutes\" \/>\n<script type=\"application\/ld+json\" class=\"yoast-schema-graph\">{\"@context\":\"https:\/\/schema.org\",\"@graph\":[{\"@type\":\"WebPage\",\"@id\":\"https:\/\/endodent.hu\/araink-garancia\/\",\"url\":\"https:\/\/endodent.hu\/araink-garancia\/\",\"name\":\"\u00c1raink, garancia - Endodent Hungary fogorvosi rendel\u0151\",\"isPartOf\":{\"@id\":\"https:\/\/endodent.hu\/#website\"},\"datePublished\":\"2022-11-17T13:31:42+00:00\",\"dateModified\":\"2025-11-04T08:00:39+00:00\",\"breadcrumb\":{\"@id\":\"https:\/\/endodent.hu\/araink-garancia\/#breadcrumb\"},\"inLanguage\":\"en-GB\",\"potentialAction\":[{\"@type\":\"ReadAction\",\"target\":[\"https:\/\/endodent.hu\/araink-garancia\/\"]}]},{\"@type\":\"BreadcrumbList\",\"@id\":\"https:\/\/endodent.hu\/araink-garancia\/#breadcrumb\",\"itemListElement\":[{\"@type\":\"ListItem\",\"position\":1,\"name\":\"Home\",\"item\":\"https:\/\/endodent.hu\/\"},{\"@type\":\"ListItem\",\"position\":2,\"name\":\"\u00c1raink, garancia\"}]},{\"@type\":\"WebSite\",\"@id\":\"https:\/\/endodent.hu\/#website\",\"url\":\"https:\/\/endodent.hu\/\",\"name\":\"Endodent Hungary fogorvosi rendel\u0151\",\"description\":\"Prec\u00edz, min\u0151s\u00e9gi, de megfizethet\u0151 kezel\u00e9st szeretne, profikt\u00f3l!\",\"publisher\":{\"@id\":\"https:\/\/endodent.hu\/#organization\"},\"potentialAction\":[{\"@type\":\"SearchAction\",\"target\":{\"@type\":\"EntryPoint\",\"urlTemplate\":\"https:\/\/endodent.hu\/?s={search_term_string}\"},\"query-input\":{\"@type\":\"PropertyValueSpecification\",\"valueRequired\":true,\"valueName\":\"search_term_string\"}}],\"inLanguage\":\"en-GB\"},{\"@type\":\"Organization\",\"@id\":\"https:\/\/endodent.hu\/#organization\",\"name\":\"Endodent Hungary fogorvosi rendel\u0151\",\"url\":\"https:\/\/endodent.hu\/\",\"logo\":{\"@type\":\"ImageObject\",\"inLanguage\":\"en-GB\",\"@id\":\"https:\/\/endodent.hu\/#\/schema\/logo\/image\/\",\"url\":\"https:\/\/endodent.hu\/wp-content\/uploads\/2022\/09\/logo.jpeg\",\"contentUrl\":\"https:\/\/endodent.hu\/wp-content\/uploads\/2022\/09\/logo.jpeg\",\"width\":420,\"height\":102,\"caption\":\"Endodent Hungary fogorvosi rendel\u0151\"},\"image\":{\"@id\":\"https:\/\/endodent.hu\/#\/schema\/logo\/image\/\"},\"sameAs\":[\"https:\/\/www.facebook.com\/EndodentHungary\"]}]}<\/script>\n<!-- \/ Yoast SEO Premium plugin. -->","yoast_head_json":{"title":"\u00c1raink, garancia - Endodent Hungary fogorvosi rendel\u0151","robots":{"index":"index","follow":"follow","max-snippet":"max-snippet:-1","max-image-preview":"max-image-preview:large","max-video-preview":"max-video-preview:-1"},"canonical":"https:\/\/endodent.hu\/en\/araink-garancia\/","og_locale":"en_GB","og_type":"article","og_title":"\u00c1raink, garancia","og_description":"\u00c1raink Gy\u00f6k\u00e9rkezel\u00e9s mikroszk\u00f3ppal, Endodontus szakorvos \u00e1ltal 80.000.-HUF\/csatorna A gy\u00f3gyszercser\u00e9n k\u00edv\u00fcl az \u00e1r mindent tartalmaz! Gy\u00f6k\u00e9rkezel\u00e9s mikroszk\u00f3ppal, Dr. Szab\u00f3 Szil\u00e1rd Endodontus szakorvos \u00e1ltal: 90.000.-HUF\/csatorna A gy\u00f3gyszercser\u00e9n k\u00edv\u00fcl az \u00e1r mindent tartalmaz! Gy\u00f6k\u00e9rkezel\u00e9s mikroszk\u00f3ppal 70.000.-HUF\/csatorna A gy\u00f3gyszercser\u00e9n k\u00edv\u00fcl az \u00e1r mindent tartalmaz! Ca(OH)2 csere alkalmank\u00e9nt 25.000.-HUF\/alkalom Preendodonciai ideiglenes t\u00f6m\u00e9s 10.000.-HUF T\u0171\/csap kiszed\u00e9se 50.000.-HUF\/alkalom G\u00f3ckutat\u00e1s nagy t\u00e9rfogat\u00fa CBCT [&hellip;]","og_url":"https:\/\/endodent.hu\/en\/araink-garancia\/","og_site_name":"Endodent Hungary fogorvosi rendel\u0151","article_publisher":"https:\/\/www.facebook.com\/EndodentHungary","article_modified_time":"2025-11-04T08:00:39+00:00","twitter_card":"summary_large_image","twitter_misc":{"Estimated reading time":"3 minutes"},"schema":{"@context":"https:\/\/schema.org","@graph":[{"@type":"WebPage","@id":"https:\/\/endodent.hu\/araink-garancia\/","url":"https:\/\/endodent.hu\/araink-garancia\/","name":"\u00c1raink, garancia - Endodent Hungary fogorvosi rendel\u0151","isPartOf":{"@id":"https:\/\/endodent.hu\/#website"},"datePublished":"2022-11-17T13:31:42+00:00","dateModified":"2025-11-04T08:00:39+00:00","breadcrumb":{"@id":"https:\/\/endodent.hu\/araink-garancia\/#breadcrumb"},"inLanguage":"en-GB","potentialAction":[{"@type":"ReadAction","target":["https:\/\/endodent.hu\/araink-garancia\/"]}]},{"@type":"BreadcrumbList","@id":"https:\/\/endodent.hu\/araink-garancia\/#breadcrumb","itemListElement":[{"@type":"ListItem","position":1,"name":"Home","item":"https:\/\/endodent.hu\/"},{"@type":"ListItem","position":2,"name":"\u00c1raink, garancia"}]},{"@type":"WebSite","@id":"https:\/\/endodent.hu\/#website","url":"https:\/\/endodent.hu\/","name":"Endodent Hungary fogorvosi rendel\u0151","description":"Prec\u00edz, min\u0151s\u00e9gi, de megfizethet\u0151 kezel\u00e9st szeretne, profikt\u00f3l!","publisher":{"@id":"https:\/\/endodent.hu\/#organization"},"potentialAction":[{"@type":"SearchAction","target":{"@type":"EntryPoint","urlTemplate":"https:\/\/endodent.hu\/?s={search_term_string}"},"query-input":{"@type":"PropertyValueSpecification","valueRequired":true,"valueName":"search_term_string"}}],"inLanguage":"en-GB"},{"@type":"Organization","@id":"https:\/\/endodent.hu\/#organization","name":"Endodent Hungary fogorvosi rendel\u0151","url":"https:\/\/endodent.hu\/","logo":{"@type":"ImageObject","inLanguage":"en-GB","@id":"https:\/\/endodent.hu\/#\/schema\/logo\/image\/","url":"https:\/\/endodent.hu\/wp-content\/uploads\/2022\/09\/logo.jpeg","contentUrl":"https:\/\/endodent.hu\/wp-content\/uploads\/2022\/09\/logo.jpeg","width":420,"height":102,"caption":"Endodent Hungary fogorvosi rendel\u0151"},"image":{"@id":"https:\/\/endodent.hu\/#\/schema\/logo\/image\/"},"sameAs":["https:\/\/www.facebook.com\/EndodentHungary"]}]}},"_links":{"self":[{"href":"https:\/\/endodent.hu\/en\/wp-json\/wp\/v2\/pages\/484","targetHints":{"allow":["GET"]}}],"collection":[{"href":"https:\/\/endodent.hu\/en\/wp-json\/wp\/v2\/pages"}],"about":[{"href":"https:\/\/endodent.hu\/en\/wp-json\/wp\/v2\/types\/page"}],"author":[{"embeddable":true,"href":"https:\/\/endodent.hu\/en\/wp-json\/wp\/v2\/users\/1"}],"replies":[{"embeddable":true,"href":"https:\/\/endodent.hu\/en\/wp-json\/wp\/v2\/comments?post=484"}],"version-history":[{"count":0,"href":"https:\/\/endodent.hu\/en\/wp-json\/wp\/v2\/pages\/484\/revisions"}],"wp:attachment":[{"href":"https:\/\/endodent.hu\/en\/wp-json\/wp\/v2\/media?parent=484"}],"curies":[{"name":"wp","href":"https:\/\/api.w.org\/{rel}","templated":true}]}}