{"id":1200,"date":"2025-10-13T09:41:19","date_gmt":"2025-10-13T07:41:19","guid":{"rendered":"https:\/\/endodent.hu\/?page_id=1200"},"modified":"2025-11-04T10:04:24","modified_gmt":"2025-11-04T08:04:24","slug":"betort-implantatum-csavar","status":"publish","type":"page","link":"https:\/\/endodent.hu\/en\/betort-implantatum-csavar\/","title":{"rendered":"Bet\u00f6rt implant\u00e1tum csavar"},"content":{"rendered":"<div data-elementor-type=\"wp-page\" data-elementor-id=\"1200\" class=\"elementor elementor-1200\" data-elementor-post-type=\"page\">\n\t\t\t\t\t\t<section class=\"elementor-section elementor-top-section elementor-element elementor-element-b1a4db7 elementor-section-boxed elementor-section-height-default elementor-section-height-default\" data-id=\"b1a4db7\" data-element_type=\"section\">\n\t\t\t\t\t\t<div class=\"elementor-container elementor-column-gap-default\">\n\t\t\t\t\t<div class=\"elementor-column elementor-col-66 elementor-top-column elementor-element elementor-element-7e59fcd\" data-id=\"7e59fcd\" data-element_type=\"column\">\n\t\t\t<div class=\"elementor-widget-wrap elementor-element-populated\">\n\t\t\t\t\t\t<div class=\"elementor-element elementor-element-950a980 elementor-widget elementor-widget-heading\" data-id=\"950a980\" data-element_type=\"widget\" data-widget_type=\"heading.default\">\n\t\t\t\t<div class=\"elementor-widget-container\">\n\t\t\t\t\t<h2 class=\"elementor-heading-title elementor-size-default\">Bet\u00f6rt implant\u00e1tumcsavar elt\u00e1vol\u00edt\u00e1sa \u2013 megold\u00e1s, miel\u0151tt lemondana az implant\u00e1tum\u00e1r\u00f3l<\/h2>\t\t\t\t<\/div>\n\t\t\t\t<\/div>\n\t\t\t\t<div class=\"elementor-element elementor-element-3ef5a69 elementor-widget elementor-widget-text-editor\" data-id=\"3ef5a69\" data-element_type=\"widget\" data-widget_type=\"text-editor.default\">\n\t\t\t\t<div class=\"elementor-widget-container\">\n\t\t\t\t\t\t\t\t\t<p data-start=\"231\" data-end=\"378\">Rendel\u0151nkben <strong data-start=\"244\" data-end=\"294\">speci\u00e1lis eszk\u00f6zparkkal \u00e9s nagy tapasztalattal<\/strong> v\u00e9gezz\u00fck a <strong data-start=\"306\" data-end=\"375\">fog\u00e1szati implant\u00e1tumokba bet\u00f6rt csavarok szakszer\u0171 elt\u00e1vol\u00edt\u00e1s\u00e1t<\/strong>.<\/p><p data-start=\"380\" data-end=\"720\">Ez az elv\u00e1ltoz\u00e1s sok esetben <strong data-start=\"409\" data-end=\"435\">komoly kih\u00edv\u00e1st jelent<\/strong>, hiszen a par\u00e1nyi csavarok r\u00f6gz\u00edtik az implant\u00e1tumokba \u00e9p\u00edtett <strong data-start=\"499\" data-end=\"535\">koron\u00e1kat, hidakat \u00e9s p\u00f3tl\u00e1sokat<\/strong>.<br data-start=\"536\" data-end=\"539\" \/>Ha egy ilyen csavar elt\u00f6rik \u00e9s nem siker\u00fcl elt\u00e1vol\u00edtani, az implant\u00e1tum ak\u00e1r <strong data-start=\"616\" data-end=\"647\">haszn\u00e1lhatatlann\u00e1 is v\u00e1lhat<\/strong>, \u00e9s csak <strong data-start=\"657\" data-end=\"693\">hosszan tart\u00f3, bonyolult m\u0171t\u00e9tek<\/strong> \u00e1r\u00e1n lehet \u00fajra p\u00f3tolni.<\/p>\t\t\t\t\t\t\t\t<\/div>\n\t\t\t\t<\/div>\n\t\t\t\t\t<\/div>\n\t\t<\/div>\n\t\t\t\t<div class=\"elementor-column elementor-col-33 elementor-top-column elementor-element elementor-element-25cd56b\" data-id=\"25cd56b\" data-element_type=\"column\">\n\t\t\t<div class=\"elementor-widget-wrap elementor-element-populated\">\n\t\t\t\t\t\t<div class=\"elementor-element elementor-element-a50bfd0 elementor-widget elementor-widget-image\" data-id=\"a50bfd0\" data-element_type=\"widget\" data-widget_type=\"image.default\">\n\t\t\t\t<div class=\"elementor-widget-container\">\n\t\t\t\t\t\t\t\t\t\t\t\t\t\t\t<img fetchpriority=\"high\" decoding=\"async\" width=\"746\" height=\"667\" src=\"https:\/\/endodent.hu\/wp-content\/uploads\/2025\/10\/betort-implant-csavar-eltavolitasa-1.jpeg\" class=\"attachment-large size-large wp-image-1203\" alt=\"\" srcset=\"https:\/\/endodent.hu\/wp-content\/uploads\/2025\/10\/betort-implant-csavar-eltavolitasa-1.jpeg 746w, https:\/\/endodent.hu\/wp-content\/uploads\/2025\/10\/betort-implant-csavar-eltavolitasa-1-300x268.jpeg 300w, https:\/\/endodent.hu\/wp-content\/uploads\/2025\/10\/betort-implant-csavar-eltavolitasa-1-13x12.jpeg 13w\" sizes=\"(max-width: 746px) 100vw, 746px\" \/>\t\t\t\t\t\t\t\t\t\t\t\t\t\t\t<\/div>\n\t\t\t\t<\/div>\n\t\t\t\t\t<\/div>\n\t\t<\/div>\n\t\t\t\t\t<\/div>\n\t\t<\/section>\n\t\t\t\t<section class=\"elementor-section elementor-top-section elementor-element elementor-element-00e911a elementor-section-boxed elementor-section-height-default elementor-section-height-default\" data-id=\"00e911a\" data-element_type=\"section\">\n\t\t\t\t\t\t<div class=\"elementor-container elementor-column-gap-default\">\n\t\t\t\t\t<div class=\"elementor-column elementor-col-100 elementor-top-column elementor-element elementor-element-d6dc2ea\" data-id=\"d6dc2ea\" data-element_type=\"column\">\n\t\t\t<div class=\"elementor-widget-wrap elementor-element-populated\">\n\t\t\t\t\t\t<div class=\"elementor-element elementor-element-2dd0464 elementor-widget elementor-widget-text-editor\" data-id=\"2dd0464\" data-element_type=\"widget\" data-widget_type=\"text-editor.default\">\n\t\t\t\t<div class=\"elementor-widget-container\">\n\t\t\t\t\t\t\t\t\t<p>Mi azonban rendel\u0151nkben <strong data-start=\"746\" data-end=\"802\">speci\u00e1lis technik\u00e1kkal \u00e9s mikroszk\u00f3pos precizit\u00e1ssal<\/strong> dolgozunk, \u00edgy sz\u00e1mos esetben <strong data-start=\"833\" data-end=\"876\">elker\u00fclhet\u0151 az implant\u00e1tum elt\u00e1vol\u00edt\u00e1sa<\/strong>. Ezzel <strong data-start=\"886\" data-end=\"924\">meg\u0151rizhet\u0151 a be\u00fcltetett szerkezet<\/strong>, cs\u00f6kkenthet\u0151 a beavatkoz\u00e1sok sz\u00e1ma \u00e9s <strong data-start=\"964\" data-end=\"1003\">jelent\u0151sen r\u00f6vid\u00fcl a gy\u00f3gyul\u00e1si id\u0151<\/strong>.<\/p>\t\t\t\t\t\t\t\t<\/div>\n\t\t\t\t<\/div>\n\t\t\t\t\t<\/div>\n\t\t<\/div>\n\t\t\t\t\t<\/div>\n\t\t<\/section>\n\t\t\t\t<section class=\"elementor-section elementor-top-section elementor-element elementor-element-b818cb0 elementor-section-boxed elementor-section-height-default elementor-section-height-default\" data-id=\"b818cb0\" data-element_type=\"section\">\n\t\t\t\t\t\t<div class=\"elementor-container elementor-column-gap-default\">\n\t\t\t\t\t<div class=\"elementor-column elementor-col-33 elementor-top-column elementor-element elementor-element-05379bb\" data-id=\"05379bb\" data-element_type=\"column\">\n\t\t\t<div class=\"elementor-widget-wrap elementor-element-populated\">\n\t\t\t\t\t\t<div class=\"elementor-element elementor-element-a0ba9b3 elementor-widget elementor-widget-image\" data-id=\"a0ba9b3\" data-element_type=\"widget\" data-widget_type=\"image.default\">\n\t\t\t\t<div class=\"elementor-widget-container\">\n\t\t\t\t\t\t\t\t\t\t\t\t\t\t\t<img decoding=\"async\" width=\"750\" height=\"770\" src=\"https:\/\/endodent.hu\/wp-content\/uploads\/2025\/10\/betort-implant-csavar-eltavolitasa-3.jpg\" class=\"attachment-large size-large wp-image-1208\" alt=\"\" srcset=\"https:\/\/endodent.hu\/wp-content\/uploads\/2025\/10\/betort-implant-csavar-eltavolitasa-3.jpg 750w, https:\/\/endodent.hu\/wp-content\/uploads\/2025\/10\/betort-implant-csavar-eltavolitasa-3-292x300.jpg 292w, https:\/\/endodent.hu\/wp-content\/uploads\/2025\/10\/betort-implant-csavar-eltavolitasa-3-12x12.jpg 12w\" sizes=\"(max-width: 750px) 100vw, 750px\" \/>\t\t\t\t\t\t\t\t\t\t\t\t\t\t\t<\/div>\n\t\t\t\t<\/div>\n\t\t\t\t\t<\/div>\n\t\t<\/div>\n\t\t\t\t<div class=\"elementor-column elementor-col-66 elementor-top-column elementor-element elementor-element-5d3c122\" data-id=\"5d3c122\" data-element_type=\"column\">\n\t\t\t<div class=\"elementor-widget-wrap elementor-element-populated\">\n\t\t\t\t\t\t<div class=\"elementor-element elementor-element-0871762 elementor-widget elementor-widget-text-editor\" data-id=\"0871762\" data-element_type=\"widget\" data-widget_type=\"text-editor.default\">\n\t\t\t\t<div class=\"elementor-widget-container\">\n\t\t\t\t\t\t\t\t\t<p data-start=\"1008\" data-end=\"1203\">Az orsz\u00e1gban egyed\u00fcl\u00e1ll\u00f3 m\u00f3don, <strong data-start=\"1040\" data-end=\"1118\">nagy tapasztalatot szerezt\u00fcnk a bet\u00f6rt implant\u00e1tumcsavarok elt\u00e1vol\u00edt\u00e1s\u00e1ban<\/strong> \u2013 m\u00e9g azokban az esetekben is, ahol m\u00e1s rendel\u0151k m\u00e1r nem v\u00e1llalj\u00e1k a beavatkoz\u00e1st.<\/p><p data-start=\"1205\" data-end=\"1375\">Fontos azonban tudni, hogy <strong data-start=\"1232\" data-end=\"1287\">nem minden esetben lehets\u00e9ges a csavar elt\u00e1vol\u00edt\u00e1sa<\/strong>, de minden esetben <strong data-start=\"1307\" data-end=\"1351\">a p\u00e1ciens sz\u00e1m\u00e1ra legkedvez\u0151bb megold\u00e1st<\/strong> keress\u00fck \u00e9s aj\u00e1nljuk.<\/p><p data-start=\"1205\" data-end=\"1375\">Bet\u00f6rt implant\u00e1tum csavar kiszed\u00e9se: 80.000.-Ft\/alkalom.<\/p>\t\t\t\t\t\t\t\t<\/div>\n\t\t\t\t<\/div>\n\t\t\t\t<div class=\"elementor-element elementor-element-9871d08 elementor-alert-info elementor-widget elementor-widget-alert\" data-id=\"9871d08\" data-element_type=\"widget\" data-widget_type=\"alert.default\">\n\t\t\t\t<div class=\"elementor-widget-container\">\n\t\t\t\t\t\t\t<div class=\"elementor-alert\" role=\"alert\">\n\n\t\t\t\t\t\t<span class=\"elementor-alert-title\">Foglaljon id\u0151pontot<\/span>\n\t\t\t\n\t\t\t\n\t\t\t\t\t\t<button type=\"button\" class=\"elementor-alert-dismiss\" aria-label=\"Dismiss this alert.\" data-no-translation-aria-label=\"\">\n\t\t\t\t<i aria-hidden=\"true\" class=\"fas fa-user-clock\"><\/i>\t\t\t<\/button>\n\t\t\t\n\t\t<\/div>\n\t\t\t\t\t\t<\/div>\n\t\t\t\t<\/div>\n\t\t\t\t<div class=\"elementor-element elementor-element-5d651e0 elementor-align-start elementor-icon-list--layout-traditional elementor-list-item-link-full_width elementor-widget elementor-widget-icon-list\" data-id=\"5d651e0\" data-element_type=\"widget\" data-widget_type=\"icon-list.default\">\n\t\t\t\t<div class=\"elementor-widget-container\">\n\t\t\t\t\t\t\t<ul class=\"elementor-icon-list-items\">\n\t\t\t\t\t\t\t<li class=\"elementor-icon-list-item\">\n\t\t\t\t\t\t\t\t\t\t\t<a href=\"tel:06203545599\">\n\n\t\t\t\t\t\t\t\t\t\t\t\t<span class=\"elementor-icon-list-icon\">\n\t\t\t\t\t\t\t<i aria-hidden=\"true\" class=\"fas fa-phone-square-alt\"><\/i>\t\t\t\t\t\t<\/span>\n\t\t\t\t\t\t\t\t\t\t<span class=\"elementor-icon-list-text\">Telefon: +36 20 354 5599<\/span>\n\t\t\t\t\t\t\t\t\t\t\t<\/a>\n\t\t\t\t\t\t\t\t\t<\/li>\n\t\t\t\t\t\t\t\t<li class=\"elementor-icon-list-item\">\n\t\t\t\t\t\t\t\t\t\t\t<a href=\"mailto:info@endodent.hu\">\n\n\t\t\t\t\t\t\t\t\t\t\t\t<span class=\"elementor-icon-list-icon\">\n\t\t\t\t\t\t\t<i aria-hidden=\"true\" class=\"fas fa-mail-bulk\"><\/i>\t\t\t\t\t\t<\/span>\n\t\t\t\t\t\t\t\t\t\t<span class=\"elementor-icon-list-text\">E-mail: info@endodent.hu<\/span>\n\t\t\t\t\t\t\t\t\t\t\t<\/a>\n\t\t\t\t\t\t\t\t\t<\/li>\n\t\t\t\t\t\t<\/ul>\n\t\t\t\t\t\t<\/div>\n\t\t\t\t<\/div>\n\t\t\t\t\t<\/div>\n\t\t<\/div>\n\t\t\t\t\t<\/div>\n\t\t<\/section>\n\t\t\t\t<\/div>","protected":false},"excerpt":{"rendered":"<p>Bet\u00f6rt implant\u00e1tumcsavar elt\u00e1vol\u00edt\u00e1sa \u2013 megold\u00e1s, miel\u0151tt lemondana az implant\u00e1tum\u00e1r\u00f3l Rendel\u0151nkben speci\u00e1lis eszk\u00f6zparkkal \u00e9s nagy tapasztalattal v\u00e9gezz\u00fck a fog\u00e1szati implant\u00e1tumokba bet\u00f6rt csavarok szakszer\u0171 elt\u00e1vol\u00edt\u00e1s\u00e1t. Ez az elv\u00e1ltoz\u00e1s sok esetben komoly kih\u00edv\u00e1st jelent, hiszen a par\u00e1nyi csavarok r\u00f6gz\u00edtik az implant\u00e1tumokba \u00e9p\u00edtett koron\u00e1kat, hidakat \u00e9s p\u00f3tl\u00e1sokat.Ha egy ilyen csavar elt\u00f6rik \u00e9s nem siker\u00fcl elt\u00e1vol\u00edtani, az implant\u00e1tum ak\u00e1r haszn\u00e1lhatatlann\u00e1 [&hellip;]<\/p>","protected":false},"author":1,"featured_media":0,"parent":0,"menu_order":0,"comment_status":"closed","ping_status":"closed","template":"","meta":{"footnotes":""},"class_list":["post-1200","page","type-page","status-publish","hentry"],"yoast_head":"<!-- This site is optimized with the Yoast SEO Premium plugin v26.8 (Yoast SEO v26.8) - https:\/\/yoast.com\/product\/yoast-seo-premium-wordpress\/ -->\n<title>Bet\u00f6rt implant\u00e1tum csavar - Endodent Hungary fogorvosi rendel\u0151<\/title>\n<meta name=\"description\" content=\"Bet\u00f6rt implant\u00e1tumcsavar elt\u00e1vol\u00edt\u00e1sa speci\u00e1lis technik\u00e1val Budapesten. Sok esetben elker\u00fclhet\u0151 az implant\u00e1tum elt\u00e1vol\u00edt\u00e1sa \u2013 mikroszk\u00f3pos precizit\u00e1ssal, nagy tapasztalattal, f\u00e1jdalommentesen.\" \/>\n<meta name=\"robots\" content=\"index, follow, max-snippet:-1, max-image-preview:large, max-video-preview:-1\" \/>\n<link rel=\"canonical\" href=\"https:\/\/endodent.hu\/en\/betort-implantatum-csavar\/\" \/>\n<meta property=\"og:locale\" content=\"en_GB\" \/>\n<meta property=\"og:type\" content=\"article\" \/>\n<meta property=\"og:title\" content=\"Bet\u00f6rt implant\u00e1tum csavar\" \/>\n<meta property=\"og:description\" content=\"Bet\u00f6rt implant\u00e1tumcsavar elt\u00e1vol\u00edt\u00e1sa speci\u00e1lis technik\u00e1val Budapesten. Sok esetben elker\u00fclhet\u0151 az implant\u00e1tum elt\u00e1vol\u00edt\u00e1sa \u2013 mikroszk\u00f3pos precizit\u00e1ssal, nagy tapasztalattal, f\u00e1jdalommentesen.\" \/>\n<meta property=\"og:url\" content=\"https:\/\/endodent.hu\/en\/betort-implantatum-csavar\/\" \/>\n<meta property=\"og:site_name\" content=\"Endodent Hungary fogorvosi rendel\u0151\" \/>\n<meta property=\"article:publisher\" content=\"https:\/\/www.facebook.com\/EndodentHungary\" \/>\n<meta property=\"article:modified_time\" content=\"2025-11-04T08:04:24+00:00\" \/>\n<meta property=\"og:image\" content=\"https:\/\/endodent.hu\/wp-content\/uploads\/2025\/10\/betort-implant-csavar-eltavolitasa-1.jpeg\" \/>\n\t<meta property=\"og:image:width\" content=\"746\" \/>\n\t<meta property=\"og:image:height\" content=\"667\" \/>\n\t<meta property=\"og:image:type\" content=\"image\/jpeg\" \/>\n<meta name=\"twitter:card\" content=\"summary_large_image\" \/>\n<meta name=\"twitter:label1\" content=\"Estimated reading time\" \/>\n\t<meta name=\"twitter:data1\" content=\"2 minutes\" \/>\n<script type=\"application\/ld+json\" class=\"yoast-schema-graph\">{\"@context\":\"https:\/\/schema.org\",\"@graph\":[{\"@type\":\"WebPage\",\"@id\":\"https:\/\/endodent.hu\/betort-implantatum-csavar\/\",\"url\":\"https:\/\/endodent.hu\/betort-implantatum-csavar\/\",\"name\":\"Bet\u00f6rt implant\u00e1tum csavar - Endodent Hungary fogorvosi rendel\u0151\",\"isPartOf\":{\"@id\":\"https:\/\/endodent.hu\/#website\"},\"primaryImageOfPage\":{\"@id\":\"https:\/\/endodent.hu\/betort-implantatum-csavar\/#primaryimage\"},\"image\":{\"@id\":\"https:\/\/endodent.hu\/betort-implantatum-csavar\/#primaryimage\"},\"thumbnailUrl\":\"https:\/\/endodent.hu\/wp-content\/uploads\/2025\/10\/betort-implant-csavar-eltavolitasa-1.jpeg\",\"datePublished\":\"2025-10-13T07:41:19+00:00\",\"dateModified\":\"2025-11-04T08:04:24+00:00\",\"description\":\"Bet\u00f6rt implant\u00e1tumcsavar elt\u00e1vol\u00edt\u00e1sa speci\u00e1lis technik\u00e1val Budapesten. Sok esetben elker\u00fclhet\u0151 az implant\u00e1tum elt\u00e1vol\u00edt\u00e1sa \u2013 mikroszk\u00f3pos precizit\u00e1ssal, nagy tapasztalattal, f\u00e1jdalommentesen.\",\"breadcrumb\":{\"@id\":\"https:\/\/endodent.hu\/betort-implantatum-csavar\/#breadcrumb\"},\"inLanguage\":\"en-GB\",\"potentialAction\":[{\"@type\":\"ReadAction\",\"target\":[\"https:\/\/endodent.hu\/betort-implantatum-csavar\/\"]}]},{\"@type\":\"ImageObject\",\"inLanguage\":\"en-GB\",\"@id\":\"https:\/\/endodent.hu\/betort-implantatum-csavar\/#primaryimage\",\"url\":\"https:\/\/endodent.hu\/wp-content\/uploads\/2025\/10\/betort-implant-csavar-eltavolitasa-1.jpeg\",\"contentUrl\":\"https:\/\/endodent.hu\/wp-content\/uploads\/2025\/10\/betort-implant-csavar-eltavolitasa-1.jpeg\"},{\"@type\":\"BreadcrumbList\",\"@id\":\"https:\/\/endodent.hu\/betort-implantatum-csavar\/#breadcrumb\",\"itemListElement\":[{\"@type\":\"ListItem\",\"position\":1,\"name\":\"Home\",\"item\":\"https:\/\/endodent.hu\/\"},{\"@type\":\"ListItem\",\"position\":2,\"name\":\"Bet\u00f6rt implant\u00e1tum csavar\"}]},{\"@type\":\"WebSite\",\"@id\":\"https:\/\/endodent.hu\/#website\",\"url\":\"https:\/\/endodent.hu\/\",\"name\":\"Endodent Hungary fogorvosi rendel\u0151\",\"description\":\"Prec\u00edz, min\u0151s\u00e9gi, de megfizethet\u0151 kezel\u00e9st szeretne, profikt\u00f3l!\",\"publisher\":{\"@id\":\"https:\/\/endodent.hu\/#organization\"},\"potentialAction\":[{\"@type\":\"SearchAction\",\"target\":{\"@type\":\"EntryPoint\",\"urlTemplate\":\"https:\/\/endodent.hu\/?s={search_term_string}\"},\"query-input\":{\"@type\":\"PropertyValueSpecification\",\"valueRequired\":true,\"valueName\":\"search_term_string\"}}],\"inLanguage\":\"en-GB\"},{\"@type\":\"Organization\",\"@id\":\"https:\/\/endodent.hu\/#organization\",\"name\":\"Endodent Hungary fogorvosi rendel\u0151\",\"url\":\"https:\/\/endodent.hu\/\",\"logo\":{\"@type\":\"ImageObject\",\"inLanguage\":\"en-GB\",\"@id\":\"https:\/\/endodent.hu\/#\/schema\/logo\/image\/\",\"url\":\"https:\/\/endodent.hu\/wp-content\/uploads\/2022\/09\/logo.jpeg\",\"contentUrl\":\"https:\/\/endodent.hu\/wp-content\/uploads\/2022\/09\/logo.jpeg\",\"width\":420,\"height\":102,\"caption\":\"Endodent Hungary fogorvosi rendel\u0151\"},\"image\":{\"@id\":\"https:\/\/endodent.hu\/#\/schema\/logo\/image\/\"},\"sameAs\":[\"https:\/\/www.facebook.com\/EndodentHungary\"]}]}<\/script>\n<!-- \/ Yoast SEO Premium plugin. -->","yoast_head_json":{"title":"Bet\u00f6rt implant\u00e1tum csavar - Endodent Hungary fogorvosi rendel\u0151","description":"Bet\u00f6rt implant\u00e1tumcsavar elt\u00e1vol\u00edt\u00e1sa speci\u00e1lis technik\u00e1val Budapesten. Sok esetben elker\u00fclhet\u0151 az implant\u00e1tum elt\u00e1vol\u00edt\u00e1sa \u2013 mikroszk\u00f3pos precizit\u00e1ssal, nagy tapasztalattal, f\u00e1jdalommentesen.","robots":{"index":"index","follow":"follow","max-snippet":"max-snippet:-1","max-image-preview":"max-image-preview:large","max-video-preview":"max-video-preview:-1"},"canonical":"https:\/\/endodent.hu\/en\/betort-implantatum-csavar\/","og_locale":"en_GB","og_type":"article","og_title":"Bet\u00f6rt implant\u00e1tum csavar","og_description":"Bet\u00f6rt implant\u00e1tumcsavar elt\u00e1vol\u00edt\u00e1sa speci\u00e1lis technik\u00e1val Budapesten. Sok esetben elker\u00fclhet\u0151 az implant\u00e1tum elt\u00e1vol\u00edt\u00e1sa \u2013 mikroszk\u00f3pos precizit\u00e1ssal, nagy tapasztalattal, f\u00e1jdalommentesen.","og_url":"https:\/\/endodent.hu\/en\/betort-implantatum-csavar\/","og_site_name":"Endodent Hungary fogorvosi rendel\u0151","article_publisher":"https:\/\/www.facebook.com\/EndodentHungary","article_modified_time":"2025-11-04T08:04:24+00:00","og_image":[{"width":746,"height":667,"url":"https:\/\/endodent.hu\/wp-content\/uploads\/2025\/10\/betort-implant-csavar-eltavolitasa-1.jpeg","type":"image\/jpeg"}],"twitter_card":"summary_large_image","twitter_misc":{"Estimated reading time":"2 minutes"},"schema":{"@context":"https:\/\/schema.org","@graph":[{"@type":"WebPage","@id":"https:\/\/endodent.hu\/betort-implantatum-csavar\/","url":"https:\/\/endodent.hu\/betort-implantatum-csavar\/","name":"Bet\u00f6rt implant\u00e1tum csavar - Endodent Hungary fogorvosi rendel\u0151","isPartOf":{"@id":"https:\/\/endodent.hu\/#website"},"primaryImageOfPage":{"@id":"https:\/\/endodent.hu\/betort-implantatum-csavar\/#primaryimage"},"image":{"@id":"https:\/\/endodent.hu\/betort-implantatum-csavar\/#primaryimage"},"thumbnailUrl":"https:\/\/endodent.hu\/wp-content\/uploads\/2025\/10\/betort-implant-csavar-eltavolitasa-1.jpeg","datePublished":"2025-10-13T07:41:19+00:00","dateModified":"2025-11-04T08:04:24+00:00","description":"Bet\u00f6rt implant\u00e1tumcsavar elt\u00e1vol\u00edt\u00e1sa speci\u00e1lis technik\u00e1val Budapesten. Sok esetben elker\u00fclhet\u0151 az implant\u00e1tum elt\u00e1vol\u00edt\u00e1sa \u2013 mikroszk\u00f3pos precizit\u00e1ssal, nagy tapasztalattal, f\u00e1jdalommentesen.","breadcrumb":{"@id":"https:\/\/endodent.hu\/betort-implantatum-csavar\/#breadcrumb"},"inLanguage":"en-GB","potentialAction":[{"@type":"ReadAction","target":["https:\/\/endodent.hu\/betort-implantatum-csavar\/"]}]},{"@type":"ImageObject","inLanguage":"en-GB","@id":"https:\/\/endodent.hu\/betort-implantatum-csavar\/#primaryimage","url":"https:\/\/endodent.hu\/wp-content\/uploads\/2025\/10\/betort-implant-csavar-eltavolitasa-1.jpeg","contentUrl":"https:\/\/endodent.hu\/wp-content\/uploads\/2025\/10\/betort-implant-csavar-eltavolitasa-1.jpeg"},{"@type":"BreadcrumbList","@id":"https:\/\/endodent.hu\/betort-implantatum-csavar\/#breadcrumb","itemListElement":[{"@type":"ListItem","position":1,"name":"Home","item":"https:\/\/endodent.hu\/"},{"@type":"ListItem","position":2,"name":"Bet\u00f6rt implant\u00e1tum csavar"}]},{"@type":"WebSite","@id":"https:\/\/endodent.hu\/#website","url":"https:\/\/endodent.hu\/","name":"Endodent Hungary fogorvosi rendel\u0151","description":"Prec\u00edz, min\u0151s\u00e9gi, de megfizethet\u0151 kezel\u00e9st szeretne, profikt\u00f3l!","publisher":{"@id":"https:\/\/endodent.hu\/#organization"},"potentialAction":[{"@type":"SearchAction","target":{"@type":"EntryPoint","urlTemplate":"https:\/\/endodent.hu\/?s={search_term_string}"},"query-input":{"@type":"PropertyValueSpecification","valueRequired":true,"valueName":"search_term_string"}}],"inLanguage":"en-GB"},{"@type":"Organization","@id":"https:\/\/endodent.hu\/#organization","name":"Endodent Hungary fogorvosi rendel\u0151","url":"https:\/\/endodent.hu\/","logo":{"@type":"ImageObject","inLanguage":"en-GB","@id":"https:\/\/endodent.hu\/#\/schema\/logo\/image\/","url":"https:\/\/endodent.hu\/wp-content\/uploads\/2022\/09\/logo.jpeg","contentUrl":"https:\/\/endodent.hu\/wp-content\/uploads\/2022\/09\/logo.jpeg","width":420,"height":102,"caption":"Endodent Hungary fogorvosi rendel\u0151"},"image":{"@id":"https:\/\/endodent.hu\/#\/schema\/logo\/image\/"},"sameAs":["https:\/\/www.facebook.com\/EndodentHungary"]}]}},"_links":{"self":[{"href":"https:\/\/endodent.hu\/en\/wp-json\/wp\/v2\/pages\/1200","targetHints":{"allow":["GET"]}}],"collection":[{"href":"https:\/\/endodent.hu\/en\/wp-json\/wp\/v2\/pages"}],"about":[{"href":"https:\/\/endodent.hu\/en\/wp-json\/wp\/v2\/types\/page"}],"author":[{"embeddable":true,"href":"https:\/\/endodent.hu\/en\/wp-json\/wp\/v2\/users\/1"}],"replies":[{"embeddable":true,"href":"https:\/\/endodent.hu\/en\/wp-json\/wp\/v2\/comments?post=1200"}],"version-history":[{"count":0,"href":"https:\/\/endodent.hu\/en\/wp-json\/wp\/v2\/pages\/1200\/revisions"}],"wp:attachment":[{"href":"https:\/\/endodent.hu\/en\/wp-json\/wp\/v2\/media?parent=1200"}],"curies":[{"name":"wp","href":"https:\/\/api.w.org\/{rel}","templated":true}]}}